{"id":7854,"date":"2019-07-24T16:38:56","date_gmt":"2019-07-24T14:38:56","guid":{"rendered":"https:\/\/www.olfasense.com\/download\/"},"modified":"2019-08-26T14:33:43","modified_gmt":"2019-08-26T12:33:43","slug":"download","status":"publish","type":"page","link":"https:\/\/www.olfasense.com\/pt-pt\/download\/","title":{"rendered":"Download"},"content":{"rendered":"<p>Muito obrigado pelo seu interesse em nossos produtos.<\/p>\n<p>Para baixar o arquivo solicitado, forne\u00e7a as informa\u00e7\u00f5es necess\u00e1rias abaixo. <strong>Voc\u00ea receber\u00e1 o link de download ap\u00f3s enviar o formul\u00e1rio abaixo.<\/strong><\/p>\n<p>Se voc\u00ea indicar seu n\u00famero de telefone, ficaremos felizes em ligar para voc\u00ea.<\/p>\n<p><strong>Por favor note:<\/strong> Olfasense ir\u00e1 armazenar seus dados de contato para processar o seu pedido, e tamb\u00e9m para lhe enviar informa\u00e7\u00f5es relacionadas. Voc\u00ea pode revogar esse consentimento a qualquer momento para o futuro, por exemplo, enviando para <a href=\"mailto:noseletter@olfasense.com\">noseletter@olfasense.com<\/a>. Leia mais em nossa <a href=\"https:\/\/www.olfasense.com\/pt-pt\/privacidade-de-dados\/\">Pol\u00edtica de Privacidade<\/a>.<\/p>\n\n<div class=\"wpcf7 no-js\" id=\"wpcf7-f6743-o1\" lang=\"en-US\" dir=\"ltr\" data-wpcf7-id=\"6743\">\n<div class=\"screen-reader-response\"><p role=\"status\" aria-live=\"polite\" aria-atomic=\"true\"><\/p> <ul><\/ul><\/div>\n<form action=\"\/pt-pt\/wp-json\/wp\/v2\/pages\/7854#wpcf7-f6743-o1\" method=\"post\" class=\"wpcf7-form init\" aria-label=\"Contact form\" novalidate=\"novalidate\" data-status=\"init\">\n<fieldset class=\"hidden-fields-container\"><input type=\"hidden\" name=\"_wpcf7\" value=\"6743\" \/><input type=\"hidden\" name=\"_wpcf7_version\" value=\"6.1.5\" \/><input type=\"hidden\" name=\"_wpcf7_locale\" value=\"en_US\" \/><input type=\"hidden\" name=\"_wpcf7_unit_tag\" value=\"wpcf7-f6743-o1\" \/><input type=\"hidden\" name=\"_wpcf7_container_post\" value=\"0\" \/><input type=\"hidden\" name=\"_wpcf7_posted_data_hash\" value=\"\" \/><input type=\"hidden\" name=\"_wpcf7_recaptcha_response\" value=\"\" \/>\n<\/fieldset>\n<p><div class=\"card em error\">We couldn't track the desired download, please try again.<\/div>\n<\/p>\n<div class=\"hide\">\n\t<p><span class=\"wpcf7-form-control-wrap\" data-name=\"download_id\"><input size=\"40\" maxlength=\"400\" class=\"wpcf7-form-control wpcf7-text wpcf7-validates-as-required\" aria-required=\"true\" aria-invalid=\"false\" value=\"\" type=\"text\" name=\"download_id\" \/><\/span>\n\t<\/p>\n<\/div>\n<div class=\"field-wrap field-firstname\">\n\t<p><span class=\"wpcf7-form-control-wrap\" data-name=\"firstname\"><input size=\"40\" maxlength=\"400\" class=\"wpcf7-form-control wpcf7-text wpcf7-validates-as-required\" aria-required=\"true\" aria-invalid=\"false\" placeholder=\"Sobrenome*\" value=\"\" type=\"text\" name=\"firstname\" \/><\/span>\n\t<\/p>\n<\/div>\n<div class=\"field-wrap field-lastname\">\n\t<p><span class=\"wpcf7-form-control-wrap\" data-name=\"lastname\"><input size=\"40\" maxlength=\"400\" class=\"wpcf7-form-control wpcf7-text wpcf7-validates-as-required\" aria-required=\"true\" aria-invalid=\"false\" placeholder=\"E-mail *\" value=\"\" type=\"text\" name=\"lastname\" \/><\/span>\n\t<\/p>\n<\/div>\n<div class=\"field-wrap field-email\">\n\t<p><span class=\"wpcf7-form-control-wrap\" data-name=\"email\"><input size=\"40\" maxlength=\"400\" class=\"wpcf7-form-control wpcf7-email wpcf7-validates-as-required wpcf7-text wpcf7-validates-as-email\" aria-required=\"true\" aria-invalid=\"false\" placeholder=\"Email address *\" value=\"\" type=\"email\" name=\"email\" \/><\/span>\n\t<\/p>\n<\/div>\n<div class=\"field-wrap field-company\">\n\t<p><span class=\"wpcf7-form-control-wrap\" data-name=\"company\"><input size=\"40\" maxlength=\"400\" class=\"wpcf7-form-control wpcf7-text wpcf7-validates-as-required\" aria-required=\"true\" aria-invalid=\"false\" placeholder=\"Companhia *\" value=\"\" type=\"text\" name=\"company\" \/><\/span>\n\t<\/p>\n<\/div>\n<div class=\"field-wrap field-phone\">\n\t<p><span class=\"wpcf7-form-control-wrap\" data-name=\"phone\"><input size=\"40\" maxlength=\"400\" class=\"wpcf7-form-control wpcf7-text\" aria-invalid=\"false\" placeholder=\"Telefone\" value=\"\" type=\"text\" name=\"phone\" \/><\/span>\n\t<\/p>\n<\/div>\n<div class=\"field-wrap field-acceptance\">\n\t<p><label class=\"field-label\">Privacidade <span class=\"required\">*<\/span><\/label><span class=\"wpcf7-form-control-wrap\" data-name=\"acceptance\"><span class=\"wpcf7-form-control wpcf7-checkbox wpcf7-validates-as-required\"><span class=\"wpcf7-list-item first last\"><label><input type=\"checkbox\" name=\"acceptance[]\" value=\"Li, entendi e concordo com a pol\u00edtica de privacidade, conforme explicado acima.\" \/><span class=\"wpcf7-list-item-label\">Li, entendi e concordo com a pol\u00edtica de privacidade, conforme explicado acima.<\/span><\/label><\/span><\/span><\/span>\n\t<\/p>\n<\/div>\n<p><small>Este formul\u00e1rio est\u00e1 protegido pelo reCAPTCHA. Tenha em aten\u00e7\u00e3o a <a href=\"https:\/\/policies.google.com\/privacy\" target=\"_blank\">Pol\u00edtica de Privacidade<\/a> e os <a href=\"https:\/\/policies.google.com\/terms\" target=\"_blank\">Termos de Servi\u00e7o<\/a> da Google.<\/small>\n<\/p>\n<div class=\"field-wrap field-submit clear\">\n\t<p><input class=\"wpcf7-form-control wpcf7-submit has-spinner btn\" type=\"submit\" value=\"Download do arquivo\" \/>\n\t<\/p>\n<\/div><div class=\"wpcf7-response-output\" aria-hidden=\"true\"><\/div>\n<\/form>\n<\/div>\n\n","protected":false},"excerpt":{"rendered":"Muito obrigado pelo seu interesse em nossos produtos. Para baixar o arquivo solicitado, forne\u00e7a as informa\u00e7\u00f5es necess\u00e1rias abaixo. Voc\u00ea receber\u00e1 o link de download ap\u00f3s enviar o formul\u00e1rio abaixo. Se voc\u00ea indicar seu n\u00famero de telefone, ficaremos felizes em ligar para voc\u00ea. Por favor note: Olfasense ir\u00e1 armazenar seus dados de contato para processar o","protected":false},"author":1,"featured_media":0,"parent":0,"menu_order":0,"comment_status":"closed","ping_status":"closed","template":"page-templates\/page-layout.php","meta":{"_acf_changed":false,"footnotes":""},"class_list":["post post-type-page post-view- post-scope-","status-publish","clear"],"acf":[],"_links":{"self":[{"href":"https:\/\/www.olfasense.com\/pt-pt\/wp-json\/wp\/v2\/pages\/7854","targetHints":{"allow":["GET"]}}],"collection":[{"href":"https:\/\/www.olfasense.com\/pt-pt\/wp-json\/wp\/v2\/pages"}],"about":[{"href":"https:\/\/www.olfasense.com\/pt-pt\/wp-json\/wp\/v2\/types\/page"}],"author":[{"embeddable":true,"href":"https:\/\/www.olfasense.com\/pt-pt\/wp-json\/wp\/v2\/users\/1"}],"replies":[{"embeddable":true,"href":"https:\/\/www.olfasense.com\/pt-pt\/wp-json\/wp\/v2\/comments?post=7854"}],"version-history":[{"count":2,"href":"https:\/\/www.olfasense.com\/pt-pt\/wp-json\/wp\/v2\/pages\/7854\/revisions"}],"predecessor-version":[{"id":7856,"href":"https:\/\/www.olfasense.com\/pt-pt\/wp-json\/wp\/v2\/pages\/7854\/revisions\/7856"}],"wp:attachment":[{"href":"https:\/\/www.olfasense.com\/pt-pt\/wp-json\/wp\/v2\/media?parent=7854"}],"curies":[{"name":"wp","href":"https:\/\/api.w.org\/{rel}","templated":true}]}}