{"id":7840,"date":"2019-06-04T17:39:16","date_gmt":"2019-06-04T15:39:16","guid":{"rendered":"https:\/\/www.olfasense.com\/company\/"},"modified":"2020-06-11T10:57:27","modified_gmt":"2020-06-11T08:57:27","slug":"empresa","status":"publish","type":"page","link":"https:\/\/www.olfasense.com\/pt-pt\/empresa\/","title":{"rendered":"A identidade da Olfasense"},"content":{"rendered":"<p>A Olfasense \u00e9 um l\u00edder mundial em consultoria de gest\u00e3o de odores ambientais e na avalia\u00e7\u00e3o das propriedades odor\u00edferas de produtos e materiais, a partir de uma perspetiva sensorial e molecular. A Olfasense \u00e9 tamb\u00e9m l\u00edder mundial no fornecimento de equipamentos e tecnologias para o seu laborat\u00f3rio de olfatometria.<\/p>\n<p>Em tudo o que fazemos, somos guiados pela nossa identidade corporativa, que incorpora o que os nossos clientes podem esperar quando interagem com a nossa empresa.<\/p>\n<p>A nossa identidade \u00e9 composta pelos nossos seis princ\u00edpios orientadores, que constituem a base do nosso principal objetivo: fornecer solu\u00e7\u00f5es espec\u00edficas e adaptadas aos clientes satisfeitos.<\/p>\n","protected":false},"excerpt":{"rendered":"A Olfasense \u00e9 um l\u00edder mundial em consultoria de gest\u00e3o de odores ambientais e na avalia\u00e7\u00e3o das propriedades odor\u00edferas de produtos e materiais, a partir de uma perspetiva sensorial e molecular. A Olfasense \u00e9 tamb\u00e9m l\u00edder mundial no fornecimento de equipamentos e tecnologias para o seu laborat\u00f3rio de olfatometria. Em tudo o que fazemos, somos","protected":false},"author":1,"featured_media":0,"parent":0,"menu_order":9,"comment_status":"closed","ping_status":"closed","template":"page-templates\/page-layout-intro.php","meta":{"_acf_changed":false,"footnotes":""},"class_list":["post post-type-page post-view- post-scope-","status-publish","clear"],"acf":[],"_links":{"self":[{"href":"https:\/\/www.olfasense.com\/pt-pt\/wp-json\/wp\/v2\/pages\/7840","targetHints":{"allow":["GET"]}}],"collection":[{"href":"https:\/\/www.olfasense.com\/pt-pt\/wp-json\/wp\/v2\/pages"}],"about":[{"href":"https:\/\/www.olfasense.com\/pt-pt\/wp-json\/wp\/v2\/types\/page"}],"author":[{"embeddable":true,"href":"https:\/\/www.olfasense.com\/pt-pt\/wp-json\/wp\/v2\/users\/1"}],"replies":[{"embeddable":true,"href":"https:\/\/www.olfasense.com\/pt-pt\/wp-json\/wp\/v2\/comments?post=7840"}],"version-history":[{"count":4,"href":"https:\/\/www.olfasense.com\/pt-pt\/wp-json\/wp\/v2\/pages\/7840\/revisions"}],"predecessor-version":[{"id":11958,"href":"https:\/\/www.olfasense.com\/pt-pt\/wp-json\/wp\/v2\/pages\/7840\/revisions\/11958"}],"wp:attachment":[{"href":"https:\/\/www.olfasense.com\/pt-pt\/wp-json\/wp\/v2\/media?parent=7840"}],"curies":[{"name":"wp","href":"https:\/\/api.w.org\/{rel}","templated":true}]}}