{"id":7837,"date":"2019-06-27T15:17:17","date_gmt":"2019-06-27T13:17:17","guid":{"rendered":"https:\/\/www.olfasense.com\/network\/"},"modified":"2019-12-23T10:02:50","modified_gmt":"2019-12-23T09:02:50","slug":"rede-de-parceiros","status":"publish","type":"page","link":"https:\/\/www.olfasense.com\/pt-pt\/empresa\/rede-de-parceiros\/","title":{"rendered":"Rede de parceiros"},"content":{"rendered":"<div class=\"intro\">\n<p>A Olfasense tem fortes la\u00e7os com parceiros do mundo acad\u00e9mico e dos setores privado e p\u00fablico e procura sempre criar oportunidades de se envolver na troca de conhecimentos e em parcerias, que abrangem todas as \u00e1reas do nosso portef\u00f3lio. Nesta sec\u00e7\u00e3o, pode encontrar mais informa\u00e7\u00f5es sobre algumas das nossas colabora\u00e7\u00f5es (em ingl\u00eas).<\/p>\n<\/div>\n","protected":false},"excerpt":{"rendered":"A Olfasense tem fortes la\u00e7os com parceiros do mundo acad\u00e9mico e dos setores privado e p\u00fablico e procura sempre criar oportunidades de se envolver na troca de conhecimentos e em parcerias, que abrangem todas as \u00e1reas do nosso portef\u00f3lio. Nesta sec\u00e7\u00e3o, pode encontrar mais informa\u00e7\u00f5es sobre algumas das nossas colabora\u00e7\u00f5es (em ingl\u00eas).","protected":false},"author":5,"featured_media":0,"parent":7840,"menu_order":1,"comment_status":"closed","ping_status":"closed","template":"page-templates\/page-layout.php","meta":{"_acf_changed":false,"footnotes":""},"class_list":["post post-type-page post-view- post-scope-","status-publish","clear"],"acf":[],"_links":{"self":[{"href":"https:\/\/www.olfasense.com\/pt-pt\/wp-json\/wp\/v2\/pages\/7837","targetHints":{"allow":["GET"]}}],"collection":[{"href":"https:\/\/www.olfasense.com\/pt-pt\/wp-json\/wp\/v2\/pages"}],"about":[{"href":"https:\/\/www.olfasense.com\/pt-pt\/wp-json\/wp\/v2\/types\/page"}],"author":[{"embeddable":true,"href":"https:\/\/www.olfasense.com\/pt-pt\/wp-json\/wp\/v2\/users\/5"}],"replies":[{"embeddable":true,"href":"https:\/\/www.olfasense.com\/pt-pt\/wp-json\/wp\/v2\/comments?post=7837"}],"version-history":[{"count":3,"href":"https:\/\/www.olfasense.com\/pt-pt\/wp-json\/wp\/v2\/pages\/7837\/revisions"}],"predecessor-version":[{"id":9720,"href":"https:\/\/www.olfasense.com\/pt-pt\/wp-json\/wp\/v2\/pages\/7837\/revisions\/9720"}],"up":[{"embeddable":true,"href":"https:\/\/www.olfasense.com\/pt-pt\/wp-json\/wp\/v2\/pages\/7840"}],"wp:attachment":[{"href":"https:\/\/www.olfasense.com\/pt-pt\/wp-json\/wp\/v2\/media?parent=7837"}],"curies":[{"name":"wp","href":"https:\/\/api.w.org\/{rel}","templated":true}]}}