{"id":7834,"date":"2019-06-04T17:38:28","date_gmt":"2019-06-04T15:38:28","guid":{"rendered":"https:\/\/www.olfasense.com\/odour-laboratory-quality-services\/"},"modified":"2019-12-17T15:03:31","modified_gmt":"2019-12-17T14:03:31","slug":"servicos-gestao-qualidade","status":"publish","type":"page","link":"https:\/\/www.olfasense.com\/pt-pt\/servicos-gestao-qualidade\/","title":{"rendered":"Servi\u00e7os de gest\u00e3o da qualidade"},"content":{"rendered":"<p>Ajudamos o cliente a obter a melhor qualidade poss\u00edvel no laborat\u00f3rio de medi\u00e7\u00e3o de odores.<\/p>\n<p>Temos todo o gosto em prestar mais informa\u00e7\u00f5es sobre as nossas \u00e1reas de servi\u00e7o, que incluem compara\u00e7\u00f5es interlaboratoriais, calibragem, forma\u00e7\u00e3o especializada e materiais de refer\u00eancia.<\/p>\n","protected":false},"excerpt":{"rendered":"Ajudamos o cliente a obter a melhor qualidade poss\u00edvel no laborat\u00f3rio de medi\u00e7\u00e3o de odores. Temos todo o gosto em prestar mais informa\u00e7\u00f5es sobre as nossas \u00e1reas de servi\u00e7o, que incluem compara\u00e7\u00f5es interlaboratoriais, calibragem, forma\u00e7\u00e3o especializada e materiais de refer\u00eancia.","protected":false},"author":1,"featured_media":3425,"parent":0,"menu_order":8,"comment_status":"closed","ping_status":"closed","template":"page-templates\/page-layout-intro.php","meta":{"_acf_changed":false,"footnotes":""},"class_list":["post post-type-page post-view- post-scope-","status-publish","has-post-thumbnail","clear"],"acf":[],"_links":{"self":[{"href":"https:\/\/www.olfasense.com\/pt-pt\/wp-json\/wp\/v2\/pages\/7834","targetHints":{"allow":["GET"]}}],"collection":[{"href":"https:\/\/www.olfasense.com\/pt-pt\/wp-json\/wp\/v2\/pages"}],"about":[{"href":"https:\/\/www.olfasense.com\/pt-pt\/wp-json\/wp\/v2\/types\/page"}],"author":[{"embeddable":true,"href":"https:\/\/www.olfasense.com\/pt-pt\/wp-json\/wp\/v2\/users\/1"}],"replies":[{"embeddable":true,"href":"https:\/\/www.olfasense.com\/pt-pt\/wp-json\/wp\/v2\/comments?post=7834"}],"version-history":[{"count":4,"href":"https:\/\/www.olfasense.com\/pt-pt\/wp-json\/wp\/v2\/pages\/7834\/revisions"}],"predecessor-version":[{"id":9677,"href":"https:\/\/www.olfasense.com\/pt-pt\/wp-json\/wp\/v2\/pages\/7834\/revisions\/9677"}],"wp:featuredmedia":[{"embeddable":true,"href":"https:\/\/www.olfasense.com\/pt-pt\/wp-json\/wp\/v2\/media\/3425"}],"wp:attachment":[{"href":"https:\/\/www.olfasense.com\/pt-pt\/wp-json\/wp\/v2\/media?parent=7834"}],"curies":[{"name":"wp","href":"https:\/\/api.w.org\/{rel}","templated":true}]}}