{"id":7831,"date":"2019-06-27T15:14:14","date_gmt":"2019-06-27T13:14:14","guid":{"rendered":"https:\/\/www.olfasense.com\/interlaboratory-comparisons\/"},"modified":"2025-02-07T09:43:21","modified_gmt":"2025-02-07T08:43:21","slug":"comparacoes-interlaboratoriais","status":"publish","type":"page","link":"https:\/\/www.olfasense.com\/pt-pt\/servicos-gestao-qualidade\/comparacoes-interlaboratoriais\/","title":{"rendered":"Compara\u00e7\u00f5es interlaboratoriais"},"content":{"rendered":"<p>A Olfasense \u00e9 um fornecedor acreditado que oferece compara\u00e7\u00f5es interlaboratoriais (ILC) regulares para a norma EN 13725 e a diretriz de ve\u00edculos autom\u00f3veis VDA 270.<\/p>\n<p>Se deseja receber convites para os testes de destreza Olfasense, subscreva o nosso boletim informativo no final desta p\u00e1gina.<\/p>\n<p>Em caso de queixas ou objec\u00e7\u00f5es, contacte diretamente <a href=\"mailto:qaqc@olfasense.com\">qaqc@olfasense.com<\/a>.<\/p>\n","protected":false},"excerpt":{"rendered":"A Olfasense \u00e9 um fornecedor acreditado que oferece compara\u00e7\u00f5es interlaboratoriais (ILC) regulares para a norma EN 13725 e a diretriz de ve\u00edculos autom\u00f3veis VDA 270. Se deseja receber convites para os testes de destreza Olfasense, subscreva o nosso boletim informativo no final desta p\u00e1gina. Em caso de queixas ou objec\u00e7\u00f5es, contacte diretamente qaqc@olfasense.com.","protected":false},"author":5,"featured_media":0,"parent":7834,"menu_order":1,"comment_status":"closed","ping_status":"closed","template":"page-templates\/page-layout.php","meta":{"_acf_changed":false,"footnotes":""},"class_list":["post post-type-page post-view- post-scope-","status-publish","clear"],"acf":[],"_links":{"self":[{"href":"https:\/\/www.olfasense.com\/pt-pt\/wp-json\/wp\/v2\/pages\/7831","targetHints":{"allow":["GET"]}}],"collection":[{"href":"https:\/\/www.olfasense.com\/pt-pt\/wp-json\/wp\/v2\/pages"}],"about":[{"href":"https:\/\/www.olfasense.com\/pt-pt\/wp-json\/wp\/v2\/types\/page"}],"author":[{"embeddable":true,"href":"https:\/\/www.olfasense.com\/pt-pt\/wp-json\/wp\/v2\/users\/5"}],"replies":[{"embeddable":true,"href":"https:\/\/www.olfasense.com\/pt-pt\/wp-json\/wp\/v2\/comments?post=7831"}],"version-history":[{"count":4,"href":"https:\/\/www.olfasense.com\/pt-pt\/wp-json\/wp\/v2\/pages\/7831\/revisions"}],"predecessor-version":[{"id":24760,"href":"https:\/\/www.olfasense.com\/pt-pt\/wp-json\/wp\/v2\/pages\/7831\/revisions\/24760"}],"up":[{"embeddable":true,"href":"https:\/\/www.olfasense.com\/pt-pt\/wp-json\/wp\/v2\/pages\/7834"}],"wp:attachment":[{"href":"https:\/\/www.olfasense.com\/pt-pt\/wp-json\/wp\/v2\/media?parent=7831"}],"curies":[{"name":"wp","href":"https:\/\/api.w.org\/{rel}","templated":true}]}}