{"id":7828,"date":"2019-06-27T15:14:35","date_gmt":"2019-06-27T13:14:35","guid":{"rendered":"https:\/\/www.olfasense.com\/reference-material-training\/"},"modified":"2019-12-17T14:59:44","modified_gmt":"2019-12-17T13:59:44","slug":"material-referencia-treinamento","status":"publish","type":"page","link":"https:\/\/www.olfasense.com\/pt-pt\/servicos-gestao-qualidade\/material-referencia-treinamento\/","title":{"rendered":"Material de refer\u00eancia e forma\u00e7\u00e3o"},"content":{"rendered":"<p>Utilize o nosso material de refer\u00eancia e forme o seu painel para que esteja preparado para a acredita\u00e7\u00e3o.<\/p>\n","protected":false},"excerpt":{"rendered":"Utilize o nosso material de refer\u00eancia e forme o seu painel para que esteja preparado para a acredita\u00e7\u00e3o.","protected":false},"author":5,"featured_media":0,"parent":7834,"menu_order":2,"comment_status":"closed","ping_status":"closed","template":"page-templates\/page-layout.php","meta":{"_acf_changed":false,"footnotes":""},"class_list":["post post-type-page post-view- post-scope-","status-publish","clear"],"acf":[],"_links":{"self":[{"href":"https:\/\/www.olfasense.com\/pt-pt\/wp-json\/wp\/v2\/pages\/7828","targetHints":{"allow":["GET"]}}],"collection":[{"href":"https:\/\/www.olfasense.com\/pt-pt\/wp-json\/wp\/v2\/pages"}],"about":[{"href":"https:\/\/www.olfasense.com\/pt-pt\/wp-json\/wp\/v2\/types\/page"}],"author":[{"embeddable":true,"href":"https:\/\/www.olfasense.com\/pt-pt\/wp-json\/wp\/v2\/users\/5"}],"replies":[{"embeddable":true,"href":"https:\/\/www.olfasense.com\/pt-pt\/wp-json\/wp\/v2\/comments?post=7828"}],"version-history":[{"count":3,"href":"https:\/\/www.olfasense.com\/pt-pt\/wp-json\/wp\/v2\/pages\/7828\/revisions"}],"predecessor-version":[{"id":9673,"href":"https:\/\/www.olfasense.com\/pt-pt\/wp-json\/wp\/v2\/pages\/7828\/revisions\/9673"}],"up":[{"embeddable":true,"href":"https:\/\/www.olfasense.com\/pt-pt\/wp-json\/wp\/v2\/pages\/7834"}],"wp:attachment":[{"href":"https:\/\/www.olfasense.com\/pt-pt\/wp-json\/wp\/v2\/media?parent=7828"}],"curies":[{"name":"wp","href":"https:\/\/api.w.org\/{rel}","templated":true}]}}