{"id":7823,"date":"2019-06-27T14:54:18","date_gmt":"2019-06-27T12:54:18","guid":{"rendered":"https:\/\/www.olfasense.com\/services\/"},"modified":"2019-12-04T13:27:28","modified_gmt":"2019-12-04T12:27:28","slug":"servicos","status":"publish","type":"page","link":"https:\/\/www.olfasense.com\/pt-pt\/equipamentos-olfatometria\/servicos\/","title":{"rendered":"Tudo parte do servi\u00e7o Olfasense"},"content":{"rendered":"<div class=\"body field\">\n<p>N\u00e3o s\u00e3o apenas a mestria, a experi\u00eancia e a capacidade inovadora que nos tornam l\u00edder mundial no fornecimento de equipamentos e tecnologias para o seu laborat\u00f3rio de olfatometria.<\/p>\n<p>Assistimos os nossos clientes com um n\u00famero de servi\u00e7os adicionais para manter o seu laborat\u00f3rio de odores a funcionar com desempenho m\u00e1ximo.<\/p>\n<\/div>\n","protected":false},"excerpt":{"rendered":"N\u00e3o s\u00e3o apenas a mestria, a experi\u00eancia e a capacidade inovadora que nos tornam l\u00edder mundial no fornecimento de equipamentos e tecnologias para o seu laborat\u00f3rio de olfatometria. Assistimos os nossos clientes com um n\u00famero de servi\u00e7os adicionais para manter o seu laborat\u00f3rio de odores a funcionar com desempenho m\u00e1ximo.","protected":false},"author":5,"featured_media":0,"parent":7825,"menu_order":0,"comment_status":"closed","ping_status":"closed","template":"page-templates\/page-layout.php","meta":{"_acf_changed":false,"footnotes":""},"class_list":["post post-type-page post-view- post-scope-","status-publish","clear"],"acf":[],"_links":{"self":[{"href":"https:\/\/www.olfasense.com\/pt-pt\/wp-json\/wp\/v2\/pages\/7823","targetHints":{"allow":["GET"]}}],"collection":[{"href":"https:\/\/www.olfasense.com\/pt-pt\/wp-json\/wp\/v2\/pages"}],"about":[{"href":"https:\/\/www.olfasense.com\/pt-pt\/wp-json\/wp\/v2\/types\/page"}],"author":[{"embeddable":true,"href":"https:\/\/www.olfasense.com\/pt-pt\/wp-json\/wp\/v2\/users\/5"}],"replies":[{"embeddable":true,"href":"https:\/\/www.olfasense.com\/pt-pt\/wp-json\/wp\/v2\/comments?post=7823"}],"version-history":[{"count":4,"href":"https:\/\/www.olfasense.com\/pt-pt\/wp-json\/wp\/v2\/pages\/7823\/revisions"}],"predecessor-version":[{"id":9330,"href":"https:\/\/www.olfasense.com\/pt-pt\/wp-json\/wp\/v2\/pages\/7823\/revisions\/9330"}],"up":[{"embeddable":true,"href":"https:\/\/www.olfasense.com\/pt-pt\/wp-json\/wp\/v2\/pages\/7825"}],"wp:attachment":[{"href":"https:\/\/www.olfasense.com\/pt-pt\/wp-json\/wp\/v2\/media?parent=7823"}],"curies":[{"name":"wp","href":"https:\/\/api.w.org\/{rel}","templated":true}]}}