{"id":7815,"date":"2019-06-27T14:56:49","date_gmt":"2019-06-27T12:56:49","guid":{"rendered":"https:\/\/www.olfasense.com\/certified-distributors\/"},"modified":"2019-12-04T13:28:39","modified_gmt":"2019-12-04T12:28:39","slug":"distribuidores-certificados","status":"publish","type":"page","link":"https:\/\/www.olfasense.com\/pt-pt\/equipamentos-olfatometria\/distribuidores-certificados\/","title":{"rendered":"Os nossos distribuidores certificados"},"content":{"rendered":"<p>Al\u00e9m de vendas diretas e apoio direto, a Olfasense atende aos seus clientes atrav\u00e9s de uma rede mundial de distribuidores autorizados, para fornecer os mais altos n\u00edveis de servi\u00e7o em todo o mundo. Os nossos distribuidores s\u00e3o cuidadosamente selecionados para garantir que os nossos clientes possam desfrutar do melhor servi\u00e7o local. Veja mais abaixo (em ingl\u00eas).<\/p>\n","protected":false},"excerpt":{"rendered":"Al\u00e9m de vendas diretas e apoio direto, a Olfasense atende aos seus clientes atrav\u00e9s de uma rede mundial de distribuidores autorizados, para fornecer os mais altos n\u00edveis de servi\u00e7o em todo o mundo. Os nossos distribuidores s\u00e3o cuidadosamente selecionados para garantir que os nossos clientes possam desfrutar do melhor servi\u00e7o local. Veja mais abaixo (em","protected":false},"author":5,"featured_media":0,"parent":7825,"menu_order":0,"comment_status":"closed","ping_status":"closed","template":"page-templates\/page-layout.php","meta":{"_acf_changed":false,"footnotes":""},"class_list":["post post-type-page post-view- post-scope-","status-publish","clear"],"acf":[],"_links":{"self":[{"href":"https:\/\/www.olfasense.com\/pt-pt\/wp-json\/wp\/v2\/pages\/7815","targetHints":{"allow":["GET"]}}],"collection":[{"href":"https:\/\/www.olfasense.com\/pt-pt\/wp-json\/wp\/v2\/pages"}],"about":[{"href":"https:\/\/www.olfasense.com\/pt-pt\/wp-json\/wp\/v2\/types\/page"}],"author":[{"embeddable":true,"href":"https:\/\/www.olfasense.com\/pt-pt\/wp-json\/wp\/v2\/users\/5"}],"replies":[{"embeddable":true,"href":"https:\/\/www.olfasense.com\/pt-pt\/wp-json\/wp\/v2\/comments?post=7815"}],"version-history":[{"count":2,"href":"https:\/\/www.olfasense.com\/pt-pt\/wp-json\/wp\/v2\/pages\/7815\/revisions"}],"predecessor-version":[{"id":9323,"href":"https:\/\/www.olfasense.com\/pt-pt\/wp-json\/wp\/v2\/pages\/7815\/revisions\/9323"}],"up":[{"embeddable":true,"href":"https:\/\/www.olfasense.com\/pt-pt\/wp-json\/wp\/v2\/pages\/7825"}],"wp:attachment":[{"href":"https:\/\/www.olfasense.com\/pt-pt\/wp-json\/wp\/v2\/media?parent=7815"}],"curies":[{"name":"wp","href":"https:\/\/api.w.org\/{rel}","templated":true}]}}