{"id":7803,"date":"2019-06-04T17:37:46","date_gmt":"2019-06-04T15:37:46","guid":{"rendered":"https:\/\/www.olfasense.com\/environmental-odour-management\/"},"modified":"2023-02-02T15:01:41","modified_gmt":"2023-02-02T14:01:41","slug":"gestao-ambiental-de-odores","status":"publish","type":"page","link":"https:\/\/www.olfasense.com\/pt-pt\/gestao-ambiental-de-odores\/","title":{"rendered":"Gest\u00e3o ambiental de odores"},"content":{"rendered":"<p>As instala\u00e7\u00f5es que provocam maus odores est\u00e3o cada vez mais sujeitas a controlar o impacto gerado \u00e0 sua volta.<\/p>\n<p>A Olfasense possui um historial comprovado, com mais de 30 anos de experi\u00eancia, na assist\u00eancia \u00e0 ind\u00fastria, para dar resposta a este desafio.<\/p>\n","protected":false},"excerpt":{"rendered":"As instala\u00e7\u00f5es que provocam maus odores est\u00e3o cada vez mais sujeitas a controlar o impacto gerado \u00e0 sua volta. A Olfasense possui um historial comprovado, com mais de 30 anos de experi\u00eancia, na assist\u00eancia \u00e0 ind\u00fastria, para dar resposta a este desafio.","protected":false},"author":1,"featured_media":14264,"parent":0,"menu_order":5,"comment_status":"closed","ping_status":"closed","template":"page-templates\/page-layout-intro.php","meta":{"_acf_changed":false,"footnotes":""},"class_list":["post post-type-page post-view- post-scope-","status-publish","has-post-thumbnail","clear"],"acf":[],"_links":{"self":[{"href":"https:\/\/www.olfasense.com\/pt-pt\/wp-json\/wp\/v2\/pages\/7803","targetHints":{"allow":["GET"]}}],"collection":[{"href":"https:\/\/www.olfasense.com\/pt-pt\/wp-json\/wp\/v2\/pages"}],"about":[{"href":"https:\/\/www.olfasense.com\/pt-pt\/wp-json\/wp\/v2\/types\/page"}],"author":[{"embeddable":true,"href":"https:\/\/www.olfasense.com\/pt-pt\/wp-json\/wp\/v2\/users\/1"}],"replies":[{"embeddable":true,"href":"https:\/\/www.olfasense.com\/pt-pt\/wp-json\/wp\/v2\/comments?post=7803"}],"version-history":[{"count":4,"href":"https:\/\/www.olfasense.com\/pt-pt\/wp-json\/wp\/v2\/pages\/7803\/revisions"}],"predecessor-version":[{"id":21315,"href":"https:\/\/www.olfasense.com\/pt-pt\/wp-json\/wp\/v2\/pages\/7803\/revisions\/21315"}],"wp:featuredmedia":[{"embeddable":true,"href":"https:\/\/www.olfasense.com\/pt-pt\/wp-json\/wp\/v2\/media\/14264"}],"wp:attachment":[{"href":"https:\/\/www.olfasense.com\/pt-pt\/wp-json\/wp\/v2\/media?parent=7803"}],"curies":[{"name":"wp","href":"https:\/\/api.w.org\/{rel}","templated":true}]}}