{"id":7793,"date":"2019-07-02T11:33:22","date_gmt":"2019-07-02T09:33:22","guid":{"rendered":"https:\/\/www.olfasense.com\/working-groups\/"},"modified":"2019-12-23T10:01:41","modified_gmt":"2019-12-23T09:01:41","slug":"grupos-de-trabalho","status":"publish","type":"page","link":"https:\/\/www.olfasense.com\/pt-pt\/empresa\/grupos-de-trabalho\/","title":{"rendered":"Grupos de trabalho relacionados com odores"},"content":{"rendered":"<p>A Olfasense tem sido um ator importante em todos os outros grupos de trabalho e de normaliza\u00e7\u00e3o relacionados com odores desde 1993: (em ingl\u00eas)<\/p>\n","protected":false},"excerpt":{"rendered":"A Olfasense tem sido um ator importante em todos os outros grupos de trabalho e de normaliza\u00e7\u00e3o relacionados com odores desde 1993: (em ingl\u00eas)","protected":false},"author":1,"featured_media":0,"parent":7840,"menu_order":4,"comment_status":"closed","ping_status":"closed","template":"page-templates\/page-layout.php","meta":{"_acf_changed":false,"footnotes":""},"class_list":["post post-type-page post-view- post-scope-","status-publish","clear"],"acf":[],"_links":{"self":[{"href":"https:\/\/www.olfasense.com\/pt-pt\/wp-json\/wp\/v2\/pages\/7793","targetHints":{"allow":["GET"]}}],"collection":[{"href":"https:\/\/www.olfasense.com\/pt-pt\/wp-json\/wp\/v2\/pages"}],"about":[{"href":"https:\/\/www.olfasense.com\/pt-pt\/wp-json\/wp\/v2\/types\/page"}],"author":[{"embeddable":true,"href":"https:\/\/www.olfasense.com\/pt-pt\/wp-json\/wp\/v2\/users\/1"}],"replies":[{"embeddable":true,"href":"https:\/\/www.olfasense.com\/pt-pt\/wp-json\/wp\/v2\/comments?post=7793"}],"version-history":[{"count":2,"href":"https:\/\/www.olfasense.com\/pt-pt\/wp-json\/wp\/v2\/pages\/7793\/revisions"}],"predecessor-version":[{"id":9719,"href":"https:\/\/www.olfasense.com\/pt-pt\/wp-json\/wp\/v2\/pages\/7793\/revisions\/9719"}],"up":[{"embeddable":true,"href":"https:\/\/www.olfasense.com\/pt-pt\/wp-json\/wp\/v2\/pages\/7840"}],"wp:attachment":[{"href":"https:\/\/www.olfasense.com\/pt-pt\/wp-json\/wp\/v2\/media?parent=7793"}],"curies":[{"name":"wp","href":"https:\/\/api.w.org\/{rel}","templated":true}]}}