{"id":7791,"date":"2019-07-02T11:33:06","date_gmt":"2019-07-02T09:33:06","guid":{"rendered":"https:\/\/www.olfasense.com\/accreditations\/"},"modified":"2025-05-09T13:04:39","modified_gmt":"2025-05-09T11:04:39","slug":"acreditacao","status":"publish","type":"page","link":"https:\/\/www.olfasense.com\/pt-pt\/empresa\/acreditacao\/","title":{"rendered":"Acredita\u00e7\u00e3o"},"content":{"rendered":"<p class=\"first-paragraph\">Oferecemos servi\u00e7os acreditados com os padr\u00f5es de qualidade mais elevados poss\u00edvel<\/p>\n<p>A Olfasense sempre teve como objetivo ser inovadora, por isso n\u00e3o \u00e9 de surpreender que tenhamos sido pioneiros na acredita\u00e7\u00e3o ISO 17025 para odores \u2013 a principal e mais importante norma para laborat\u00f3rios de testes e calibragem a n\u00edvel global. Obtivemos o nosso primeiro certificado de acredita\u00e7\u00e3o (ISO 17025) a 28 de setembro de 1993 para o laborat\u00f3rio de Amesterd\u00e3o.<br \/>\nAtualmente, temos 4 laborat\u00f3rios de testes de olfatometria acreditados de acordo com a norma EN 13725. As nossas empresas fornecem servi\u00e7os acreditados tanto de amostras como de an\u00e1lise de odores. Verifique as nossas acredita\u00e7\u00f5es completas para mais pormenores sobre os servi\u00e7os acreditados que podemos oferecer:<\/p>\n<p>&nbsp;<\/p>\n<ul>\n<li><strong>O nosso laborat\u00f3rio alem\u00e3o registado na DAkkS com o n\u00famero <a href=\"https:\/\/www.dakks.de\/files\/data\/as\/pdf\/D-PL-17433-01-00.pdf\">D-PL-17433-01-00<\/a><\/strong><\/li>\n<\/ul>\n<p><img decoding=\"async\" src=\"https:\/\/www.olfasense.com\/wp-content\/uploads\/2021\/02\/Olfasense-DAkkS-Accrediation-300x117.png\" alt=\"Olfasense DAkkS Accrediation\" class=\"alignright wp-image-15282 size-medium\" width=\"300\" height=\"117\" srcset=\"https:\/\/www.olfasense.com\/wp-content\/uploads\/2021\/02\/Olfasense-DAkkS-Accrediation-300x117.png 300w, https:\/\/www.olfasense.com\/wp-content\/uploads\/2021\/02\/Olfasense-DAkkS-Accrediation-1024x401.png 1024w, https:\/\/www.olfasense.com\/wp-content\/uploads\/2021\/02\/Olfasense-DAkkS-Accrediation-768x301.png 768w, https:\/\/www.olfasense.com\/wp-content\/uploads\/2021\/02\/Olfasense-DAkkS-Accrediation-1536x601.png 1536w, https:\/\/www.olfasense.com\/wp-content\/uploads\/2021\/02\/Olfasense-DAkkS-Accrediation-2048x802.png 2048w\" sizes=\"(max-width: 300px) 100vw, 300px\" \/><\/p>\n<p style=\"padding-left: 40px;\">Para al\u00e9m dos servi\u00e7os acreditados de amostras de odores e de olfatometria, o laborat\u00f3rio alem\u00e3o est\u00e1 acreditado para previs\u00e3o de impacto de imiss\u00f5es de acordo com o regulamento TA Luft, os m\u00e9todos de medi\u00e7\u00e3o VDA 270 e PV3900, e a norma ISO 16000-28 Ar Interior, Parte 28 \u2013 Determina\u00e7\u00e3o de emiss\u00f5es de odores de produtos de constru\u00e7\u00e3o atrav\u00e9s de c\u00e2maras de ensaios.<\/p>\n<p style=\"padding-left: 40px;\">Al\u00e9m disso, o nosso processo de fabrico e teste de sacos de amostragem de Nalophan est\u00e1 acreditado pela norma ISO 17025.<\/p>\n<p>&nbsp;<\/p>\n<ul>\n<li><strong>O nosso laborat\u00f3rio holand\u00eas registado na RvA com o n\u00famero <a href=\"https:\/\/www.rva.nl\/alle-geaccrediteerden\/l403\/\">L403<\/a><\/strong><img decoding=\"async\" src=\"https:\/\/www.olfasense.com\/wp-content\/uploads\/2021\/02\/Olfasense-RVA-Accrediation-300x117.png\" alt=\"Olfasense-RVA-Accrediation\" class=\"alignright wp-image-15320 size-medium\" width=\"300\" height=\"117\" srcset=\"https:\/\/www.olfasense.com\/wp-content\/uploads\/2021\/02\/Olfasense-RVA-Accrediation-300x117.png 300w, https:\/\/www.olfasense.com\/wp-content\/uploads\/2021\/02\/Olfasense-RVA-Accrediation-1024x399.png 1024w, https:\/\/www.olfasense.com\/wp-content\/uploads\/2021\/02\/Olfasense-RVA-Accrediation-768x299.png 768w, https:\/\/www.olfasense.com\/wp-content\/uploads\/2021\/02\/Olfasense-RVA-Accrediation-1536x599.png 1536w, https:\/\/www.olfasense.com\/wp-content\/uploads\/2021\/02\/Olfasense-RVA-Accrediation.png 2006w\" sizes=\"(max-width: 300px) 100vw, 300px\" \/><\/li>\n<\/ul>\n<p style=\"padding-left: 40px;\">O laborat\u00f3rio holand\u00eas est\u00e1 acreditado para servi\u00e7os de amostras de odores e olfatometria.<\/p>\n<p>&nbsp;<\/p>\n<p>&nbsp;<\/p>\n<ul>\n<li><strong>Os nossos dois laborat\u00f3rios no Reino Unido registados na UKAS com o n\u00famero <a href=\"https:\/\/www.ukas.com\/wp-content\/uploads\/schedule_uploads\/00002\/2430Testing-Multiple.pdf\">2430<\/a><\/strong><img decoding=\"async\" width=\"300\" height=\"117\" src=\"https:\/\/www.olfasense.com\/wp-content\/uploads\/2021\/02\/Olfasense-UKAS-Accrediation-300x117.png\" alt=\"Olfasense UKAS Accrediation\" class=\"alignright size-medium wp-image-15327\" srcset=\"https:\/\/www.olfasense.com\/wp-content\/uploads\/2021\/02\/Olfasense-UKAS-Accrediation-300x117.png 300w, https:\/\/www.olfasense.com\/wp-content\/uploads\/2021\/02\/Olfasense-UKAS-Accrediation-1024x399.png 1024w, https:\/\/www.olfasense.com\/wp-content\/uploads\/2021\/02\/Olfasense-UKAS-Accrediation-768x300.png 768w, https:\/\/www.olfasense.com\/wp-content\/uploads\/2021\/02\/Olfasense-UKAS-Accrediation-1536x599.png 1536w, https:\/\/www.olfasense.com\/wp-content\/uploads\/2021\/02\/Olfasense-UKAS-Accrediation.png 2000w\" sizes=\"(max-width: 300px) 100vw, 300px\" \/><\/li>\n<\/ul>\n<p style=\"padding-left: 40px;\">Para al\u00e9m de servi\u00e7os de amostras de odores e de olfatometria, os laborat\u00f3rios do Reino Unido possuem acredita\u00e7\u00e3o MCERTS para testes de odores, amon\u00edaco, sulfeto de hidrog\u00e9nio e bioaeross\u00f3is.<\/p>\n<p>&nbsp;<\/p>\n<ul>\n<li><b>O nosso organismo de ensaio de profici\u00eancia <\/b><strong>registado na DAkkS com o n\u00famero <a href=\"https:\/\/www.olfasense.com\/wp-content\/uploads\/2024\/10\/D-EP-17433-01-00_2022_20.05.2022-EN.pdf\">D-EP-17433-01-00<\/a><\/strong><\/li>\n<\/ul>\n<p><img decoding=\"async\" src=\"https:\/\/www.olfasense.com\/wp-content\/uploads\/2021\/02\/Olfasense-DAkkS-Accrediation-EP-300x166.png\" alt=\"\" class=\"alignright wp-image-15343\" width=\"211\" height=\"117\" srcset=\"https:\/\/www.olfasense.com\/wp-content\/uploads\/2021\/02\/Olfasense-DAkkS-Accrediation-EP-300x166.png 300w, https:\/\/www.olfasense.com\/wp-content\/uploads\/2021\/02\/Olfasense-DAkkS-Accrediation-EP-1024x567.png 1024w, https:\/\/www.olfasense.com\/wp-content\/uploads\/2021\/02\/Olfasense-DAkkS-Accrediation-EP-768x426.png 768w, https:\/\/www.olfasense.com\/wp-content\/uploads\/2021\/02\/Olfasense-DAkkS-Accrediation-EP-1536x851.png 1536w, https:\/\/www.olfasense.com\/wp-content\/uploads\/2021\/02\/Olfasense-DAkkS-Accrediation-EP-2048x1135.png 2048w\" sizes=\"(max-width: 211px) 100vw, 211px\" \/><\/p>\n<p style=\"padding-left: 40px;\">Al\u00e9m disso, a Olfasense possui acredita\u00e7\u00e3o para realizar testes de compet\u00eancia para os m\u00e9todos de medi\u00e7\u00e3o EN 13725 e VDA 270 de acordo com a norma ISO 17043.<\/p>\n<p>&nbsp;<\/p>\n","protected":false},"excerpt":{"rendered":"Oferecemos servi\u00e7os acreditados com os padr\u00f5es de qualidade mais elevados poss\u00edvel A Olfasense sempre teve como objetivo ser inovadora, por isso n\u00e3o \u00e9 de surpreender que tenhamos sido pioneiros na acredita\u00e7\u00e3o ISO 17025 para odores \u2013 a principal e mais importante norma para laborat\u00f3rios de testes e calibragem a n\u00edvel global. Obtivemos o nosso primeiro","protected":false},"author":1,"featured_media":0,"parent":7840,"menu_order":3,"comment_status":"closed","ping_status":"closed","template":"page-templates\/page-layout.php","meta":{"_acf_changed":false,"footnotes":""},"class_list":["post post-type-page post-view- post-scope-","status-publish","clear"],"acf":[],"_links":{"self":[{"href":"https:\/\/www.olfasense.com\/pt-pt\/wp-json\/wp\/v2\/pages\/7791","targetHints":{"allow":["GET"]}}],"collection":[{"href":"https:\/\/www.olfasense.com\/pt-pt\/wp-json\/wp\/v2\/pages"}],"about":[{"href":"https:\/\/www.olfasense.com\/pt-pt\/wp-json\/wp\/v2\/types\/page"}],"author":[{"embeddable":true,"href":"https:\/\/www.olfasense.com\/pt-pt\/wp-json\/wp\/v2\/users\/1"}],"replies":[{"embeddable":true,"href":"https:\/\/www.olfasense.com\/pt-pt\/wp-json\/wp\/v2\/comments?post=7791"}],"version-history":[{"count":3,"href":"https:\/\/www.olfasense.com\/pt-pt\/wp-json\/wp\/v2\/pages\/7791\/revisions"}],"predecessor-version":[{"id":25012,"href":"https:\/\/www.olfasense.com\/pt-pt\/wp-json\/wp\/v2\/pages\/7791\/revisions\/25012"}],"up":[{"embeddable":true,"href":"https:\/\/www.olfasense.com\/pt-pt\/wp-json\/wp\/v2\/pages\/7840"}],"wp:attachment":[{"href":"https:\/\/www.olfasense.com\/pt-pt\/wp-json\/wp\/v2\/media?parent=7791"}],"curies":[{"name":"wp","href":"https:\/\/api.w.org\/{rel}","templated":true}]}}