{"id":7785,"date":"2019-06-27T14:47:41","date_gmt":"2019-06-27T12:47:41","guid":{"rendered":"https:\/\/www.olfasense.com\/successful-odour-studies\/"},"modified":"2019-08-15T16:29:22","modified_gmt":"2019-08-15T14:29:22","slug":"estudos-de-odores","status":"publish","type":"page","link":"https:\/\/www.olfasense.com\/pt-pt\/ensaios-de-produtos\/estudos-de-odores\/","title":{"rendered":"O processo atr\u00e1s de um estudo de odores"},"content":{"rendered":"<div class=\"intro\">\n<p>Otimiza\u00e7\u00e3o de produtos e testes de materiais t\u00eam possibilidades quase infinitas. Utilizamos uma ampla gama de t\u00e9cnicas padr\u00e3o e desenhamos provas adaptadas a cada necessidade de forma rotineira.<\/p>\n<\/div>\n","protected":false},"excerpt":{"rendered":"Otimiza\u00e7\u00e3o de produtos e testes de materiais t\u00eam possibilidades quase infinitas. Utilizamos uma ampla gama de t\u00e9cnicas padr\u00e3o e desenhamos provas adaptadas a cada necessidade de forma rotineira.","protected":false},"author":5,"featured_media":0,"parent":7788,"menu_order":0,"comment_status":"closed","ping_status":"closed","template":"page-templates\/page-layout.php","meta":{"_acf_changed":false,"footnotes":""},"class_list":["post post-type-page post-view- post-scope-","status-publish","clear"],"acf":[],"_links":{"self":[{"href":"https:\/\/www.olfasense.com\/pt-pt\/wp-json\/wp\/v2\/pages\/7785","targetHints":{"allow":["GET"]}}],"collection":[{"href":"https:\/\/www.olfasense.com\/pt-pt\/wp-json\/wp\/v2\/pages"}],"about":[{"href":"https:\/\/www.olfasense.com\/pt-pt\/wp-json\/wp\/v2\/types\/page"}],"author":[{"embeddable":true,"href":"https:\/\/www.olfasense.com\/pt-pt\/wp-json\/wp\/v2\/users\/5"}],"replies":[{"embeddable":true,"href":"https:\/\/www.olfasense.com\/pt-pt\/wp-json\/wp\/v2\/comments?post=7785"}],"version-history":[{"count":2,"href":"https:\/\/www.olfasense.com\/pt-pt\/wp-json\/wp\/v2\/pages\/7785\/revisions"}],"predecessor-version":[{"id":7787,"href":"https:\/\/www.olfasense.com\/pt-pt\/wp-json\/wp\/v2\/pages\/7785\/revisions\/7787"}],"up":[{"embeddable":true,"href":"https:\/\/www.olfasense.com\/pt-pt\/wp-json\/wp\/v2\/pages\/7788"}],"wp:attachment":[{"href":"https:\/\/www.olfasense.com\/pt-pt\/wp-json\/wp\/v2\/media?parent=7785"}],"curies":[{"name":"wp","href":"https:\/\/api.w.org\/{rel}","templated":true}]}}