{"id":20248,"date":"2022-03-17T21:54:16","date_gmt":"2022-03-17T20:54:16","guid":{"rendered":"https:\/\/www.olfasense.com\/ensaios-de-produtos\/estudos-de-odores\/automotive-testing\/"},"modified":"2022-09-01T14:34:41","modified_gmt":"2022-09-01T12:34:41","slug":"testes-automovel","status":"publish","type":"page","link":"https:\/\/www.olfasense.com\/pt-pt\/ensaios-de-produtos\/estudos-de-odores\/testes-automovel\/","title":{"rendered":"Testes no setor autom\u00f3vel de acordo com as normas comuns"},"content":{"rendered":"<p>As empresas autom\u00f3veis, os seus fabricantes de equipamentos originais e fornecedores de pe\u00e7as enfrentam a responsabilidade constante de limitar a potencial exposi\u00e7\u00e3o de passageiros a compostos org\u00e2nicos vol\u00e1teis (COV).<\/p>\n<p>Se est\u00e1 envolvido no fabrico de habit\u00e1culos para o interior de ve\u00edculos, querer\u00e1 garantir que os seus produtos e materiais est\u00e3o em conformidade com os padr\u00f5es de emiss\u00f5es espec\u00edficos definidos pelas normas comuns, tanto europeias como internacionais, assim como pelas normas espec\u00edficas de cada fabricante.<\/p>\n<p>A Olfasense \u00e9 o seu laborat\u00f3rio de testes acreditado para determinar o conte\u00fado dos COV e o odor dos materiais no interior do seu ve\u00edculo. Oferecemos a nossa compet\u00eancia na realiza\u00e7\u00e3o de ensaios em c\u00e2maras para ir ao encontro dos seus requisitos, mesmo que queira testar revestimentos, pl\u00e1sticos, vinis, tecidos ou pele, s\u00f3 para dar alguns exemplos.<\/p>\n","protected":false},"excerpt":{"rendered":"As empresas autom\u00f3veis, os seus fabricantes de equipamentos originais e fornecedores de pe\u00e7as enfrentam a responsabilidade constante de limitar a potencial exposi\u00e7\u00e3o de passageiros a compostos org\u00e2nicos vol\u00e1teis (COV). Se est\u00e1 envolvido no fabrico de habit\u00e1culos para o interior de ve\u00edculos, querer\u00e1 garantir que os seus produtos e materiais est\u00e3o em conformidade com os padr\u00f5es","protected":false},"author":5,"featured_media":0,"parent":7785,"menu_order":0,"comment_status":"closed","ping_status":"closed","template":"page-templates\/page-layout.php","meta":{"_acf_changed":false,"footnotes":""},"class_list":["post post-type-page post-view- post-scope-","status-publish","clear"],"acf":[],"_links":{"self":[{"href":"https:\/\/www.olfasense.com\/pt-pt\/wp-json\/wp\/v2\/pages\/20248","targetHints":{"allow":["GET"]}}],"collection":[{"href":"https:\/\/www.olfasense.com\/pt-pt\/wp-json\/wp\/v2\/pages"}],"about":[{"href":"https:\/\/www.olfasense.com\/pt-pt\/wp-json\/wp\/v2\/types\/page"}],"author":[{"embeddable":true,"href":"https:\/\/www.olfasense.com\/pt-pt\/wp-json\/wp\/v2\/users\/5"}],"replies":[{"embeddable":true,"href":"https:\/\/www.olfasense.com\/pt-pt\/wp-json\/wp\/v2\/comments?post=20248"}],"version-history":[{"count":2,"href":"https:\/\/www.olfasense.com\/pt-pt\/wp-json\/wp\/v2\/pages\/20248\/revisions"}],"predecessor-version":[{"id":20250,"href":"https:\/\/www.olfasense.com\/pt-pt\/wp-json\/wp\/v2\/pages\/20248\/revisions\/20250"}],"up":[{"embeddable":true,"href":"https:\/\/www.olfasense.com\/pt-pt\/wp-json\/wp\/v2\/pages\/7785"}],"wp:attachment":[{"href":"https:\/\/www.olfasense.com\/pt-pt\/wp-json\/wp\/v2\/media?parent=20248"}],"curies":[{"name":"wp","href":"https:\/\/api.w.org\/{rel}","templated":true}]}}