{"id":16712,"date":"2021-01-14T14:10:22","date_gmt":"2021-01-14T13:10:22","guid":{"rendered":"https:\/\/www.olfasense.com\/ensaios-de-produtos\/odourseal\/"},"modified":"2021-04-12T10:11:25","modified_gmt":"2021-04-12T08:11:25","slug":"selo-qualidade-odores","status":"publish","type":"page","link":"https:\/\/www.olfasense.com\/pt-pt\/ensaios-de-produtos\/selo-qualidade-odores\/","title":{"rendered":"Selo de qualidade de odores Olfasense"},"content":{"rendered":"<h3>O selo de qualidade de odores Olfasense permite que os fabricantes demonstrem o desempenho olfativo dos seus produtos.<\/h3>\n<p>O selo de qualidade de odores Olfasense combinado com o seu processo de garantia de qualidade permanente permite aos fabricantes destacar propriedades olfativas \u00fanicas ou particulares dos seus produtos, com a confirma\u00e7\u00e3o de uma entidade independente. Desta forma, a decis\u00e3o de compra dos consumidores \u00e9 refor\u00e7ada pela confian\u00e7a no parecer independente de um especialista neutro.<\/p>\n<p>Em baixo pode encontrar os crit\u00e9rios de atribui\u00e7\u00e3o dos diferentes selos de qualidade Olfasense. Fale connosco hoje para desenvolver o teste certo para comprovar a reivindica\u00e7\u00e3o do seu produto!<\/p>\n","protected":false},"excerpt":{"rendered":"O selo de qualidade de odores Olfasense permite que os fabricantes demonstrem o desempenho olfativo dos seus produtos. O selo de qualidade de odores Olfasense combinado com o seu processo de garantia de qualidade permanente permite aos fabricantes destacar propriedades olfativas \u00fanicas ou particulares dos seus produtos, com a confirma\u00e7\u00e3o de uma entidade independente. Desta","protected":false},"author":5,"featured_media":0,"parent":7788,"menu_order":0,"comment_status":"closed","ping_status":"closed","template":"page-templates\/page-layout.php","meta":{"_acf_changed":false,"footnotes":""},"class_list":["post post-type-page post-view- post-scope-","status-publish","clear"],"acf":[],"_links":{"self":[{"href":"https:\/\/www.olfasense.com\/pt-pt\/wp-json\/wp\/v2\/pages\/16712","targetHints":{"allow":["GET"]}}],"collection":[{"href":"https:\/\/www.olfasense.com\/pt-pt\/wp-json\/wp\/v2\/pages"}],"about":[{"href":"https:\/\/www.olfasense.com\/pt-pt\/wp-json\/wp\/v2\/types\/page"}],"author":[{"embeddable":true,"href":"https:\/\/www.olfasense.com\/pt-pt\/wp-json\/wp\/v2\/users\/5"}],"replies":[{"embeddable":true,"href":"https:\/\/www.olfasense.com\/pt-pt\/wp-json\/wp\/v2\/comments?post=16712"}],"version-history":[{"count":2,"href":"https:\/\/www.olfasense.com\/pt-pt\/wp-json\/wp\/v2\/pages\/16712\/revisions"}],"predecessor-version":[{"id":16715,"href":"https:\/\/www.olfasense.com\/pt-pt\/wp-json\/wp\/v2\/pages\/16712\/revisions\/16715"}],"up":[{"embeddable":true,"href":"https:\/\/www.olfasense.com\/pt-pt\/wp-json\/wp\/v2\/pages\/7788"}],"wp:attachment":[{"href":"https:\/\/www.olfasense.com\/pt-pt\/wp-json\/wp\/v2\/media?parent=16712"}],"curies":[{"name":"wp","href":"https:\/\/api.w.org\/{rel}","templated":true}]}}