{"id":10846,"date":"2020-04-29T15:02:40","date_gmt":"2020-04-29T13:02:40","guid":{"rendered":"https:\/\/www.olfasense.com\/?page_id=10846"},"modified":"2022-06-24T11:05:13","modified_gmt":"2022-06-24T09:05:13","slug":"seminarios-online-odores","status":"publish","type":"page","link":"https:\/\/www.olfasense.com\/pt-pt\/seminarios-online-odores\/","title":{"rendered":"Semin\u00e1rios online sobre odores"},"content":{"rendered":"<p class=\"first-paragraph\">Gostaria de estar informado sobre as novidades e t\u00e9cnicas relacionadas com a avalia\u00e7\u00e3o e caracteriza\u00e7\u00e3o dos odores dos seus produtos? Ent\u00e3o querer\u00e1 ter os conhecimentos especializados da Olfasense ao seu alcance.<\/p>\n<p>Nos semin\u00e1rios online sobre odores gratuitos da Olfasense, os nossos especialistas proporcionam de maneira r\u00e1pida e concisa uma vis\u00e3o geral das tecnologias de ponta de amostragem e medi\u00e7\u00f5es de odores, tanto sensoriais como moleculares, focadas no seu setor industrial espec\u00edfico.<\/p>\n<p>Os nossos semin\u00e1rios online sobre odores est\u00e3o dispon\u00edveis mediante pedido, para que possa desfrutar da flexibilidade e liberdade de assisti-los quando quiser, desde qualquer parte do mundo.<\/p>\n<p>Se deseja conhecer algum dos t\u00f3picos abordados em mais detalhe, entre em contato connosco atrav\u00e9s de <span><a href=\"mailto:webinar@olfasense.com\">webinar@olfasense.com<\/a><\/span>. Podemos oferecer cursos on-line e\/ou presenciais \u00e0 medida sobre t\u00e9cnicas de ponta de medi\u00e7\u00e3o de odores, onde n\u00e3o apenas ter\u00e1 a oportunidade de aprender com os nossos especialistas, como tamb\u00e9m receber\u00e1 conselhos inestim\u00e1veis \u200b\u200be personalizados sobre como otimizar os seus produtos em termos olfativos\/sensoriais.<\/p>\n","protected":false},"excerpt":{"rendered":"Gostaria de estar informado sobre as novidades e t\u00e9cnicas relacionadas com a avalia\u00e7\u00e3o e caracteriza\u00e7\u00e3o dos odores dos seus produtos? Ent\u00e3o querer\u00e1 ter os conhecimentos especializados da Olfasense ao seu alcance. Nos semin\u00e1rios online sobre odores gratuitos da Olfasense, os nossos especialistas proporcionam de maneira r\u00e1pida e concisa uma vis\u00e3o geral das tecnologias de ponta","protected":false},"author":5,"featured_media":0,"parent":0,"menu_order":0,"comment_status":"closed","ping_status":"closed","template":"page-templates\/page-layout.php","meta":{"_acf_changed":false,"footnotes":""},"class_list":["post post-type-page post-view- post-scope-","status-publish","clear"],"acf":[],"_links":{"self":[{"href":"https:\/\/www.olfasense.com\/pt-pt\/wp-json\/wp\/v2\/pages\/10846","targetHints":{"allow":["GET"]}}],"collection":[{"href":"https:\/\/www.olfasense.com\/pt-pt\/wp-json\/wp\/v2\/pages"}],"about":[{"href":"https:\/\/www.olfasense.com\/pt-pt\/wp-json\/wp\/v2\/types\/page"}],"author":[{"embeddable":true,"href":"https:\/\/www.olfasense.com\/pt-pt\/wp-json\/wp\/v2\/users\/5"}],"replies":[{"embeddable":true,"href":"https:\/\/www.olfasense.com\/pt-pt\/wp-json\/wp\/v2\/comments?post=10846"}],"version-history":[{"count":4,"href":"https:\/\/www.olfasense.com\/pt-pt\/wp-json\/wp\/v2\/pages\/10846\/revisions"}],"predecessor-version":[{"id":19603,"href":"https:\/\/www.olfasense.com\/pt-pt\/wp-json\/wp\/v2\/pages\/10846\/revisions\/19603"}],"wp:attachment":[{"href":"https:\/\/www.olfasense.com\/pt-pt\/wp-json\/wp\/v2\/media?parent=10846"}],"curies":[{"name":"wp","href":"https:\/\/api.w.org\/{rel}","templated":true}]}}