{"id":7769,"date":"2019-06-03T15:11:36","date_gmt":"2019-06-03T13:11:36","guid":{"rendered":"https:\/\/www.olfasense.com\/olfasense\/"},"modified":"2021-01-20T14:23:29","modified_gmt":"2021-01-20T13:23:29","slug":"olfasense","status":"publish","type":"page","link":"https:\/\/www.olfasense.com\/fr\/","title":{"rendered":"Olfasense"},"content":{"rendered":"<h2>From Odour Data to Odour Knowledge<\/h2>\n<p class=\"gmail-first-paragraph\">Olfasense a men\u00e9 des milliers d&rsquo;\u00e9tudes en Europe, en Asie, en Am\u00e9rique latine et l&rsquo;Am\u00e9rique du Nord, et a \u00e9quip\u00e9 plus de 400 laboratoires, instituts de recherche, universit\u00e9s et entreprises dans le monde entier avec notre \u00e9quipement sp\u00e9cialis\u00e9 dans la mesure des odeurs.<\/p>\n","protected":false},"excerpt":{"rendered":"From Odour Data to Odour Knowledge Olfasense a men\u00e9 des milliers d&rsquo;\u00e9tudes en Europe, en Asie, en Am\u00e9rique latine et l&rsquo;Am\u00e9rique du Nord, et a \u00e9quip\u00e9 plus de 400 laboratoires, instituts de recherche, universit\u00e9s et entreprises dans le monde entier avec notre \u00e9quipement sp\u00e9cialis\u00e9 dans la mesure des odeurs.","protected":false},"author":1,"featured_media":0,"parent":0,"menu_order":1,"comment_status":"closed","ping_status":"closed","template":"page-templates\/page-front.php","meta":{"_acf_changed":false,"footnotes":""},"class_list":["post post-type-page post-view- post-scope-","status-publish","clear"],"acf":[],"_links":{"self":[{"href":"https:\/\/www.olfasense.com\/fr\/wp-json\/wp\/v2\/pages\/7769","targetHints":{"allow":["GET"]}}],"collection":[{"href":"https:\/\/www.olfasense.com\/fr\/wp-json\/wp\/v2\/pages"}],"about":[{"href":"https:\/\/www.olfasense.com\/fr\/wp-json\/wp\/v2\/types\/page"}],"author":[{"embeddable":true,"href":"https:\/\/www.olfasense.com\/fr\/wp-json\/wp\/v2\/users\/1"}],"replies":[{"embeddable":true,"href":"https:\/\/www.olfasense.com\/fr\/wp-json\/wp\/v2\/comments?post=7769"}],"version-history":[{"count":4,"href":"https:\/\/www.olfasense.com\/fr\/wp-json\/wp\/v2\/pages\/7769\/revisions"}],"predecessor-version":[{"id":15233,"href":"https:\/\/www.olfasense.com\/fr\/wp-json\/wp\/v2\/pages\/7769\/revisions\/15233"}],"wp:attachment":[{"href":"https:\/\/www.olfasense.com\/fr\/wp-json\/wp\/v2\/media?parent=7769"}],"curies":[{"name":"wp","href":"https:\/\/api.w.org\/{rel}","templated":true}]}}