{"id":7764,"date":"2019-07-05T10:49:50","date_gmt":"2019-07-05T08:49:50","guid":{"rendered":"https:\/\/www.olfasense.com\/recherche\/"},"modified":"2019-08-15T11:10:48","modified_gmt":"2019-08-15T09:10:48","slug":"recherche","status":"publish","type":"page","link":"https:\/\/www.olfasense.com\/fr\/recherche\/","title":{"rendered":"Recherche"},"content":{"rendered":"<p>D\u00e9sol\u00e9, nous n&rsquo;avons trouv\u00e9 aucun r\u00e9sultat de recherche avec votre terme:<\/p>\n\n","protected":false},"excerpt":{"rendered":"D\u00e9sol\u00e9, nous n&rsquo;avons trouv\u00e9 aucun r\u00e9sultat de recherche avec votre terme:","protected":false},"author":1,"featured_media":0,"parent":0,"menu_order":14,"comment_status":"closed","ping_status":"closed","template":"page-templates\/page-layout-intro.php","meta":{"_acf_changed":false,"footnotes":""},"class_list":["post post-type-page post-view- post-scope-","status-publish","clear"],"acf":[],"_links":{"self":[{"href":"https:\/\/www.olfasense.com\/fr\/wp-json\/wp\/v2\/pages\/7764","targetHints":{"allow":["GET"]}}],"collection":[{"href":"https:\/\/www.olfasense.com\/fr\/wp-json\/wp\/v2\/pages"}],"about":[{"href":"https:\/\/www.olfasense.com\/fr\/wp-json\/wp\/v2\/types\/page"}],"author":[{"embeddable":true,"href":"https:\/\/www.olfasense.com\/fr\/wp-json\/wp\/v2\/users\/1"}],"replies":[{"embeddable":true,"href":"https:\/\/www.olfasense.com\/fr\/wp-json\/wp\/v2\/comments?post=7764"}],"version-history":[{"count":3,"href":"https:\/\/www.olfasense.com\/fr\/wp-json\/wp\/v2\/pages\/7764\/revisions"}],"predecessor-version":[{"id":7767,"href":"https:\/\/www.olfasense.com\/fr\/wp-json\/wp\/v2\/pages\/7764\/revisions\/7767"}],"wp:attachment":[{"href":"https:\/\/www.olfasense.com\/fr\/wp-json\/wp\/v2\/media?parent=7764"}],"curies":[{"name":"wp","href":"https:\/\/api.w.org\/{rel}","templated":true}]}}