{"id":7752,"date":"2019-07-24T16:38:56","date_gmt":"2019-07-24T14:38:56","guid":{"rendered":"https:\/\/www.olfasense.com\/download\/"},"modified":"2019-08-26T14:22:36","modified_gmt":"2019-08-26T12:22:36","slug":"telechargement","status":"publish","type":"page","link":"https:\/\/www.olfasense.com\/fr\/telechargement\/","title":{"rendered":"T\u00e9l\u00e9chargement"},"content":{"rendered":"<p>Merci beaucoup de votre int\u00e9r\u00eat pour nos produits.<\/p>\n<p>Pour t\u00e9l\u00e9charger le fichier demand\u00e9, veuillez fournir les informations requises ci-dessous. <strong>Vous recevrez le lien de t\u00e9l\u00e9chargement apr\u00e8s la\u00a0soumission\u00a0du formulaire.<\/strong><\/p>\n<p>Si vous indiquez votre num\u00e9ro de t\u00e9l\u00e9phone, nous serons heureux de vous rappeler.<\/p>\n<p><strong>Remarque:<\/strong> Olfasense conservera vos coordonn\u00e9es pour traiter votre demande et pour vous envoyer des informations connexes. Vous pouvez r\u00e9voquer ce consentement \u00e0 tout moment pour l&rsquo;avenir, par exemple par courrier \u00e0 <a href=\"mailto:noseletter@olfasense.com\">noseletter@olfasense.com<\/a>. Plus d&rsquo;informations dans notre <a href=\"https:\/\/www.olfasense.com\/privacy\/\">politique de confidentialit\u00e9<\/a>.<\/p>\n\n<div class=\"wpcf7 no-js\" id=\"wpcf7-f6741-o1\" lang=\"en-US\" dir=\"ltr\" data-wpcf7-id=\"6741\">\n<div class=\"screen-reader-response\"><p role=\"status\" aria-live=\"polite\" aria-atomic=\"true\"><\/p> <ul><\/ul><\/div>\n<form action=\"\/fr\/wp-json\/wp\/v2\/pages\/7752#wpcf7-f6741-o1\" method=\"post\" class=\"wpcf7-form init\" aria-label=\"Contact form\" novalidate=\"novalidate\" data-status=\"init\">\n<fieldset class=\"hidden-fields-container\"><input type=\"hidden\" name=\"_wpcf7\" value=\"6741\" \/><input type=\"hidden\" name=\"_wpcf7_version\" value=\"6.1.5\" \/><input type=\"hidden\" name=\"_wpcf7_locale\" value=\"en_US\" \/><input type=\"hidden\" name=\"_wpcf7_unit_tag\" value=\"wpcf7-f6741-o1\" \/><input type=\"hidden\" name=\"_wpcf7_container_post\" value=\"0\" \/><input type=\"hidden\" name=\"_wpcf7_posted_data_hash\" value=\"\" \/><input type=\"hidden\" name=\"_wpcf7_recaptcha_response\" value=\"\" \/>\n<\/fieldset>\n<p><div class=\"card em error\">We couldn't track the desired download, please try again.<\/div>\n<\/p>\n<div class=\"hide\">\n\t<p><span class=\"wpcf7-form-control-wrap\" data-name=\"download_id\"><input size=\"40\" maxlength=\"400\" class=\"wpcf7-form-control wpcf7-text wpcf7-validates-as-required\" aria-required=\"true\" aria-invalid=\"false\" value=\"\" type=\"text\" name=\"download_id\" \/><\/span>\n\t<\/p>\n<\/div>\n<div class=\"field-wrap field-firstname\">\n\t<p><span class=\"wpcf7-form-control-wrap\" data-name=\"firstname\"><input size=\"40\" maxlength=\"400\" class=\"wpcf7-form-control wpcf7-text wpcf7-validates-as-required\" aria-required=\"true\" aria-invalid=\"false\" placeholder=\"Pr\u00e9nom*\" value=\"\" type=\"text\" name=\"firstname\" \/><\/span>\n\t<\/p>\n<\/div>\n<div class=\"field-wrap field-lastname\">\n\t<p><span class=\"wpcf7-form-control-wrap\" data-name=\"lastname\"><input size=\"40\" maxlength=\"400\" class=\"wpcf7-form-control wpcf7-text wpcf7-validates-as-required\" aria-required=\"true\" aria-invalid=\"false\" placeholder=\"Nom de famille *\" value=\"\" type=\"text\" name=\"lastname\" \/><\/span>\n\t<\/p>\n<\/div>\n<div class=\"field-wrap field-email\">\n\t<p><span class=\"wpcf7-form-control-wrap\" data-name=\"email\"><input size=\"40\" maxlength=\"400\" class=\"wpcf7-form-control wpcf7-email wpcf7-validates-as-required wpcf7-text wpcf7-validates-as-email\" aria-required=\"true\" aria-invalid=\"false\" placeholder=\"Adresse e-mail *\" value=\"\" type=\"email\" name=\"email\" \/><\/span>\n\t<\/p>\n<\/div>\n<div class=\"field-wrap field-company\">\n\t<p><span class=\"wpcf7-form-control-wrap\" data-name=\"company\"><input size=\"40\" maxlength=\"400\" class=\"wpcf7-form-control wpcf7-text wpcf7-validates-as-required\" aria-required=\"true\" aria-invalid=\"false\" placeholder=\"Soci\u00e9t\u00e9 *\" value=\"\" type=\"text\" name=\"company\" \/><\/span>\n\t<\/p>\n<\/div>\n<div class=\"field-wrap field-phone\">\n\t<p><span class=\"wpcf7-form-control-wrap\" data-name=\"phone\"><input size=\"40\" maxlength=\"400\" class=\"wpcf7-form-control wpcf7-text\" aria-invalid=\"false\" placeholder=\"T\u00e9l\u00e9phone\" value=\"\" type=\"text\" name=\"phone\" \/><\/span>\n\t<\/p>\n<\/div>\n<div class=\"field-wrap field-acceptance\">\n\t<p><label class=\"field-label\">Confidentialit\u00e9 <span class=\"required\">*<\/span><\/label><span class=\"wpcf7-form-control-wrap\" data-name=\"acceptance\"><span class=\"wpcf7-form-control wpcf7-checkbox wpcf7-validates-as-required\"><span class=\"wpcf7-list-item first last\"><label><input type=\"checkbox\" name=\"acceptance[]\" value=\"J&#039;ai lu, compris et accept\u00e9 la politique de confidentialit\u00e9 d\u00e9crite ci-dessus.\" \/><span class=\"wpcf7-list-item-label\">J&#039;ai lu, compris et accept\u00e9 la politique de confidentialit\u00e9 d\u00e9crite ci-dessus.<\/span><\/label><\/span><\/span><\/span>\n\t<\/p>\n<\/div>\n<p><small>Ce formulaire est prot\u00e9g\u00e9 par reCAPTCHA. Consultez les <a href=\"https:\/\/policies.google.com\/privacy\" target=\"_blank\">R\u00e8gles de confidentialit\u00e9<\/a> et les <a href=\"https:\/\/policies.google.com\/terms\" target=\"_blank\">Conditions d'utilisation<\/a> de Google.<\/small>\n<\/p>\n<div class=\"field-wrap field-submit clear\">\n\t<p><input class=\"wpcf7-form-control wpcf7-submit has-spinner btn\" type=\"submit\" value=\"T\u00e9l\u00e9charger fichier\" \/>\n\t<\/p>\n<\/div><div class=\"wpcf7-response-output\" aria-hidden=\"true\"><\/div>\n<\/form>\n<\/div>\n\n","protected":false},"excerpt":{"rendered":"Merci beaucoup de votre int\u00e9r\u00eat pour nos produits. Pour t\u00e9l\u00e9charger le fichier demand\u00e9, veuillez fournir les informations requises ci-dessous. Vous recevrez le lien de t\u00e9l\u00e9chargement apr\u00e8s la\u00a0soumission\u00a0du formulaire. Si vous indiquez votre num\u00e9ro de t\u00e9l\u00e9phone, nous serons heureux de vous rappeler. Remarque: Olfasense conservera vos coordonn\u00e9es pour traiter votre demande et pour vous envoyer des","protected":false},"author":1,"featured_media":0,"parent":0,"menu_order":0,"comment_status":"closed","ping_status":"closed","template":"page-templates\/page-layout.php","meta":{"_acf_changed":false,"footnotes":""},"class_list":["post post-type-page post-view- post-scope-","status-publish","clear"],"acf":[],"_links":{"self":[{"href":"https:\/\/www.olfasense.com\/fr\/wp-json\/wp\/v2\/pages\/7752","targetHints":{"allow":["GET"]}}],"collection":[{"href":"https:\/\/www.olfasense.com\/fr\/wp-json\/wp\/v2\/pages"}],"about":[{"href":"https:\/\/www.olfasense.com\/fr\/wp-json\/wp\/v2\/types\/page"}],"author":[{"embeddable":true,"href":"https:\/\/www.olfasense.com\/fr\/wp-json\/wp\/v2\/users\/1"}],"replies":[{"embeddable":true,"href":"https:\/\/www.olfasense.com\/fr\/wp-json\/wp\/v2\/comments?post=7752"}],"version-history":[{"count":3,"href":"https:\/\/www.olfasense.com\/fr\/wp-json\/wp\/v2\/pages\/7752\/revisions"}],"predecessor-version":[{"id":7753,"href":"https:\/\/www.olfasense.com\/fr\/wp-json\/wp\/v2\/pages\/7752\/revisions\/7753"}],"wp:attachment":[{"href":"https:\/\/www.olfasense.com\/fr\/wp-json\/wp\/v2\/media?parent=7752"}],"curies":[{"name":"wp","href":"https:\/\/api.w.org\/{rel}","templated":true}]}}