{"id":7747,"date":"2019-06-27T15:17:17","date_gmt":"2019-06-27T13:17:17","guid":{"rendered":"https:\/\/www.olfasense.com\/company\/network\/"},"modified":"2019-08-15T10:25:48","modified_gmt":"2019-08-15T08:25:48","slug":"reseau-partenaires","status":"publish","type":"page","link":"https:\/\/www.olfasense.com\/fr\/entreprise\/reseau-partenaires\/","title":{"rendered":"R\u00e9seau de partenaires"},"content":{"rendered":"<div class=\"intro\">\n<p>Olfasense a des liens forts avec des partenaires du monde universitaire et des secteurs priv\u00e9 et public, offrant ainsi des possibilit\u00e9s uniques d&rsquo;\u00e9changes de connaissances. Dans cette section, vous pouvez en apprendre davantage sur certaines de nos collaborations. (en anglais)<\/p>\n<\/div>\n","protected":false},"excerpt":{"rendered":"Olfasense a des liens forts avec des partenaires du monde universitaire et des secteurs priv\u00e9 et public, offrant ainsi des possibilit\u00e9s uniques d&rsquo;\u00e9changes de connaissances. Dans cette section, vous pouvez en apprendre davantage sur certaines de nos collaborations. (en anglais)","protected":false},"author":5,"featured_media":0,"parent":7745,"menu_order":1,"comment_status":"closed","ping_status":"closed","template":"page-templates\/page-layout.php","meta":{"_acf_changed":false,"footnotes":""},"class_list":["post post-type-page post-view- post-scope-","status-publish","clear"],"acf":[],"_links":{"self":[{"href":"https:\/\/www.olfasense.com\/fr\/wp-json\/wp\/v2\/pages\/7747","targetHints":{"allow":["GET"]}}],"collection":[{"href":"https:\/\/www.olfasense.com\/fr\/wp-json\/wp\/v2\/pages"}],"about":[{"href":"https:\/\/www.olfasense.com\/fr\/wp-json\/wp\/v2\/types\/page"}],"author":[{"embeddable":true,"href":"https:\/\/www.olfasense.com\/fr\/wp-json\/wp\/v2\/users\/5"}],"replies":[{"embeddable":true,"href":"https:\/\/www.olfasense.com\/fr\/wp-json\/wp\/v2\/comments?post=7747"}],"version-history":[{"count":2,"href":"https:\/\/www.olfasense.com\/fr\/wp-json\/wp\/v2\/pages\/7747\/revisions"}],"predecessor-version":[{"id":7749,"href":"https:\/\/www.olfasense.com\/fr\/wp-json\/wp\/v2\/pages\/7747\/revisions\/7749"}],"up":[{"embeddable":true,"href":"https:\/\/www.olfasense.com\/fr\/wp-json\/wp\/v2\/pages\/7745"}],"wp:attachment":[{"href":"https:\/\/www.olfasense.com\/fr\/wp-json\/wp\/v2\/media?parent=7747"}],"curies":[{"name":"wp","href":"https:\/\/api.w.org\/{rel}","templated":true}]}}