{"id":7745,"date":"2019-06-04T17:39:16","date_gmt":"2019-06-04T15:39:16","guid":{"rendered":"https:\/\/www.olfasense.com\/company\/"},"modified":"2020-06-11T10:54:35","modified_gmt":"2020-06-11T08:54:35","slug":"entreprise","status":"publish","type":"page","link":"https:\/\/www.olfasense.com\/fr\/entreprise\/","title":{"rendered":"L&rsquo;identit\u00e9 d&rsquo;Olfasense"},"content":{"rendered":"<p>Olfasense est un leader mondial en gestion des odeurs qui d\u00e9veloppe, g\u00e8re et fournit une expertise de haut niveau sur les techniques d\u2019analyse des odeurs sensorielles et mol\u00e9culaires, et offre une gamme compl\u00e8te de services en lien avec les odeurs environnementales et le test de produits propos\u00e9s \u00e0 la consommation. Olfasense est \u00e9galement le principal acteur mondial en \u00e9quipements et technologies de mesure des odeurs.<\/p>\n<p>Dans tout ce que nous faisons, nous sommes guid\u00e9s par l\u2019identit\u00e9 de notre entreprise, qui incarne ce que nos clients peuvent attendre lorsqu&rsquo;ils interagissent avec\u00a0nous.<\/p>\n<p>Notre identit\u00e9 est compos\u00e9e de six principes directeurs, qui forment la base indispensable \u00e0 la r\u00e9alisation de notre objectif principal, soit servir des clients satisfaits au moyen de solutions bien cibl\u00e9es et\u00a0adapt\u00e9es.<\/p>\n","protected":false},"excerpt":{"rendered":"Olfasense est un leader mondial en gestion des odeurs qui d\u00e9veloppe, g\u00e8re et fournit une expertise de haut niveau sur les techniques d\u2019analyse des odeurs sensorielles et mol\u00e9culaires, et offre une gamme compl\u00e8te de services en lien avec les odeurs environnementales et le test de produits propos\u00e9s \u00e0 la consommation. Olfasense est \u00e9galement le principal","protected":false},"author":1,"featured_media":0,"parent":0,"menu_order":9,"comment_status":"closed","ping_status":"closed","template":"page-templates\/page-layout-intro.php","meta":{"_acf_changed":false,"footnotes":""},"class_list":["post post-type-page post-view- post-scope-","status-publish","clear"],"acf":[],"_links":{"self":[{"href":"https:\/\/www.olfasense.com\/fr\/wp-json\/wp\/v2\/pages\/7745","targetHints":{"allow":["GET"]}}],"collection":[{"href":"https:\/\/www.olfasense.com\/fr\/wp-json\/wp\/v2\/pages"}],"about":[{"href":"https:\/\/www.olfasense.com\/fr\/wp-json\/wp\/v2\/types\/page"}],"author":[{"embeddable":true,"href":"https:\/\/www.olfasense.com\/fr\/wp-json\/wp\/v2\/users\/1"}],"replies":[{"embeddable":true,"href":"https:\/\/www.olfasense.com\/fr\/wp-json\/wp\/v2\/comments?post=7745"}],"version-history":[{"count":3,"href":"https:\/\/www.olfasense.com\/fr\/wp-json\/wp\/v2\/pages\/7745\/revisions"}],"predecessor-version":[{"id":11955,"href":"https:\/\/www.olfasense.com\/fr\/wp-json\/wp\/v2\/pages\/7745\/revisions\/11955"}],"wp:attachment":[{"href":"https:\/\/www.olfasense.com\/fr\/wp-json\/wp\/v2\/media?parent=7745"}],"curies":[{"name":"wp","href":"https:\/\/api.w.org\/{rel}","templated":true}]}}