{"id":7720,"date":"2019-06-05T14:05:01","date_gmt":"2019-06-05T12:05:01","guid":{"rendered":"https:\/\/www.olfasense.com\/odour-measurement-equipment\/"},"modified":"2026-01-28T09:37:18","modified_gmt":"2026-01-28T08:37:18","slug":"equipement-mesure-odeurs","status":"publish","type":"page","link":"https:\/\/www.olfasense.com\/fr\/equipement-mesure-odeurs\/","title":{"rendered":"\u00c9quipement de mesure des odeurs"},"content":{"rendered":"<p>Des olfactom\u00e8tres et des \u00e9quipements d&rsquo;\u00e9chantillonnage aux logiciels : Olfasense est le principal acteur mondial en \u00e9quipements et technologies de mesure des\u00a0odeurs.<\/p>\n<p>Notre technologie est utilis\u00e9e par plus de 400 laboratoires, instituts de recherche, universit\u00e9s et entreprises dans le\u00a0monde.<\/p>\n<p>Nous sommes \u00e0 votre disposition pour vous aider \u00e0 mettre en place votre laboratoire\u00a0d&rsquo;olfactom\u00e9trie.<\/p>\n","protected":false},"excerpt":{"rendered":"Des olfactom\u00e8tres et des \u00e9quipements d&rsquo;\u00e9chantillonnage aux logiciels : Olfasense est le principal acteur mondial en \u00e9quipements et technologies de mesure des\u00a0odeurs. Notre technologie est utilis\u00e9e par plus de 400 laboratoires, instituts de recherche, universit\u00e9s et entreprises dans le\u00a0monde. Nous sommes \u00e0 votre disposition pour vous aider \u00e0 mettre en place votre laboratoire\u00a0d&rsquo;olfactom\u00e9trie.","protected":false},"author":1,"featured_media":14269,"parent":0,"menu_order":7,"comment_status":"closed","ping_status":"closed","template":"page-templates\/page-layout-intro.php","meta":{"_acf_changed":false,"footnotes":""},"class_list":["post post-type-page post-view- post-scope-","status-publish","has-post-thumbnail","clear"],"acf":[],"_links":{"self":[{"href":"https:\/\/www.olfasense.com\/fr\/wp-json\/wp\/v2\/pages\/7720","targetHints":{"allow":["GET"]}}],"collection":[{"href":"https:\/\/www.olfasense.com\/fr\/wp-json\/wp\/v2\/pages"}],"about":[{"href":"https:\/\/www.olfasense.com\/fr\/wp-json\/wp\/v2\/types\/page"}],"author":[{"embeddable":true,"href":"https:\/\/www.olfasense.com\/fr\/wp-json\/wp\/v2\/users\/1"}],"replies":[{"embeddable":true,"href":"https:\/\/www.olfasense.com\/fr\/wp-json\/wp\/v2\/comments?post=7720"}],"version-history":[{"count":4,"href":"https:\/\/www.olfasense.com\/fr\/wp-json\/wp\/v2\/pages\/7720\/revisions"}],"predecessor-version":[{"id":25314,"href":"https:\/\/www.olfasense.com\/fr\/wp-json\/wp\/v2\/pages\/7720\/revisions\/25314"}],"wp:featuredmedia":[{"embeddable":true,"href":"https:\/\/www.olfasense.com\/fr\/wp-json\/wp\/v2\/media\/14269"}],"wp:attachment":[{"href":"https:\/\/www.olfasense.com\/fr\/wp-json\/wp\/v2\/media?parent=7720"}],"curies":[{"name":"wp","href":"https:\/\/api.w.org\/{rel}","templated":true}]}}