{"id":7692,"date":"2019-06-04T17:38:28","date_gmt":"2019-06-04T15:38:28","guid":{"rendered":"https:\/\/www.olfasense.com\/odour-laboratory-quality-services\/"},"modified":"2019-08-14T15:03:09","modified_gmt":"2019-08-14T13:03:09","slug":"gestion-qualite-laboratoires-olfactometrie","status":"publish","type":"page","link":"https:\/\/www.olfasense.com\/fr\/gestion-qualite-laboratoires-olfactometrie\/","title":{"rendered":"Gestion de la qualit\u00e9 pour les laboratoires d&rsquo;olfactom\u00e9trie"},"content":{"rendered":"<p>Obtenez avec notre aide les meilleures performances de votre laboratoire\u00a0d&rsquo;olfactom\u00e9trie.<\/p>\n<p>Nous vous invitons \u00e0 apprendre davantage sur nos services, comme sur les comparaisons interlaboratoires accr\u00e9dit\u00e9s, l&rsquo;\u00e9talonnage accr\u00e9dit\u00e9, la formation sp\u00e9cialis\u00e9e et les mat\u00e9riels de\u00a0r\u00e9f\u00e9rence.<\/p>\n","protected":false},"excerpt":{"rendered":"Obtenez avec notre aide les meilleures performances de votre laboratoire\u00a0d&rsquo;olfactom\u00e9trie. Nous vous invitons \u00e0 apprendre davantage sur nos services, comme sur les comparaisons interlaboratoires accr\u00e9dit\u00e9s, l&rsquo;\u00e9talonnage accr\u00e9dit\u00e9, la formation sp\u00e9cialis\u00e9e et les mat\u00e9riels de\u00a0r\u00e9f\u00e9rence.","protected":false},"author":1,"featured_media":3423,"parent":0,"menu_order":8,"comment_status":"closed","ping_status":"closed","template":"page-templates\/page-layout-intro.php","meta":{"_acf_changed":false,"footnotes":""},"class_list":["post post-type-page post-view- post-scope-","status-publish","has-post-thumbnail","clear"],"acf":[],"_links":{"self":[{"href":"https:\/\/www.olfasense.com\/fr\/wp-json\/wp\/v2\/pages\/7692","targetHints":{"allow":["GET"]}}],"collection":[{"href":"https:\/\/www.olfasense.com\/fr\/wp-json\/wp\/v2\/pages"}],"about":[{"href":"https:\/\/www.olfasense.com\/fr\/wp-json\/wp\/v2\/types\/page"}],"author":[{"embeddable":true,"href":"https:\/\/www.olfasense.com\/fr\/wp-json\/wp\/v2\/users\/1"}],"replies":[{"embeddable":true,"href":"https:\/\/www.olfasense.com\/fr\/wp-json\/wp\/v2\/comments?post=7692"}],"version-history":[{"count":2,"href":"https:\/\/www.olfasense.com\/fr\/wp-json\/wp\/v2\/pages\/7692\/revisions"}],"predecessor-version":[{"id":7694,"href":"https:\/\/www.olfasense.com\/fr\/wp-json\/wp\/v2\/pages\/7692\/revisions\/7694"}],"wp:featuredmedia":[{"embeddable":true,"href":"https:\/\/www.olfasense.com\/fr\/wp-json\/wp\/v2\/media\/3423"}],"wp:attachment":[{"href":"https:\/\/www.olfasense.com\/fr\/wp-json\/wp\/v2\/media?parent=7692"}],"curies":[{"name":"wp","href":"https:\/\/api.w.org\/{rel}","templated":true}]}}