{"id":7687,"date":"2019-06-27T15:14:35","date_gmt":"2019-06-27T13:14:35","guid":{"rendered":"https:\/\/www.olfasense.com\/reference-material-training\/"},"modified":"2019-08-14T14:56:14","modified_gmt":"2019-08-14T12:56:14","slug":"materiel-reference-formation","status":"publish","type":"page","link":"https:\/\/www.olfasense.com\/fr\/gestion-qualite-laboratoires-olfactometrie\/materiel-reference-formation\/","title":{"rendered":"Mat\u00e9riel de r\u00e9f\u00e9rence et formation"},"content":{"rendered":"<p>Olfasense offre le mat\u00e9riel de r\u00e9f\u00e9rence et la formation sp\u00e9cialis\u00e9e qui permettent de maintenir la qualit\u00e9 et d\u2019\u00eatre pr\u00e9par\u00e9s pour l&rsquo;accr\u00e9ditation.<\/p>\n","protected":false},"excerpt":{"rendered":"Olfasense offre le mat\u00e9riel de r\u00e9f\u00e9rence et la formation sp\u00e9cialis\u00e9e qui permettent de maintenir la qualit\u00e9 et d\u2019\u00eatre pr\u00e9par\u00e9s pour l&rsquo;accr\u00e9ditation.","protected":false},"author":5,"featured_media":0,"parent":7692,"menu_order":2,"comment_status":"closed","ping_status":"closed","template":"page-templates\/page-layout.php","meta":{"_acf_changed":false,"footnotes":""},"class_list":["post post-type-page post-view- post-scope-","status-publish","clear"],"acf":[],"_links":{"self":[{"href":"https:\/\/www.olfasense.com\/fr\/wp-json\/wp\/v2\/pages\/7687","targetHints":{"allow":["GET"]}}],"collection":[{"href":"https:\/\/www.olfasense.com\/fr\/wp-json\/wp\/v2\/pages"}],"about":[{"href":"https:\/\/www.olfasense.com\/fr\/wp-json\/wp\/v2\/types\/page"}],"author":[{"embeddable":true,"href":"https:\/\/www.olfasense.com\/fr\/wp-json\/wp\/v2\/users\/5"}],"replies":[{"embeddable":true,"href":"https:\/\/www.olfasense.com\/fr\/wp-json\/wp\/v2\/comments?post=7687"}],"version-history":[{"count":1,"href":"https:\/\/www.olfasense.com\/fr\/wp-json\/wp\/v2\/pages\/7687\/revisions"}],"predecessor-version":[{"id":7688,"href":"https:\/\/www.olfasense.com\/fr\/wp-json\/wp\/v2\/pages\/7687\/revisions\/7688"}],"up":[{"embeddable":true,"href":"https:\/\/www.olfasense.com\/fr\/wp-json\/wp\/v2\/pages\/7692"}],"wp:attachment":[{"href":"https:\/\/www.olfasense.com\/fr\/wp-json\/wp\/v2\/media?parent=7687"}],"curies":[{"name":"wp","href":"https:\/\/api.w.org\/{rel}","templated":true}]}}