{"id":7476,"date":"2019-06-04T17:37:46","date_gmt":"2019-06-04T15:37:46","guid":{"rendered":"https:\/\/www.olfasense.com\/environmental-odour-management\/"},"modified":"2020-09-17T11:07:27","modified_gmt":"2020-09-17T09:07:27","slug":"odeurs-environnement","status":"publish","type":"page","link":"https:\/\/www.olfasense.com\/fr\/odeurs-environnement\/","title":{"rendered":"Gestion des odeurs dans l\u2019environnement"},"content":{"rendered":"<p>La pr\u00e9sence de mauvaises odeurs peut \u00eatre une source de g\u00eane pour vos voisins. Le contr\u00f4le de ces odeurs permettent d\u2019\u00e9viter les conflits, qu\u2019ils soient sociaux ou\u00a0juridiques.<\/p>\n<p>Avec plus de 30 ans d&rsquo;exp\u00e9rience, les experts d\u2019Olfasense travaillent en tant que conseillers dans le monde entier sur tout ce qui touche aux odeurs dans\u00a0l\u2019environnement.<\/p>\n","protected":false},"excerpt":{"rendered":"La pr\u00e9sence de mauvaises odeurs peut \u00eatre une source de g\u00eane pour vos voisins. Le contr\u00f4le de ces odeurs permettent d\u2019\u00e9viter les conflits, qu\u2019ils soient sociaux ou\u00a0juridiques. Avec plus de 30 ans d&rsquo;exp\u00e9rience, les experts d\u2019Olfasense travaillent en tant que conseillers dans le monde entier sur tout ce qui touche aux odeurs dans\u00a0l\u2019environnement.","protected":false},"author":1,"featured_media":14263,"parent":0,"menu_order":5,"comment_status":"closed","ping_status":"closed","template":"page-templates\/page-layout-intro.php","meta":{"_acf_changed":false,"footnotes":""},"class_list":["post post-type-page post-view- post-scope-","status-publish","has-post-thumbnail","clear"],"acf":[],"_links":{"self":[{"href":"https:\/\/www.olfasense.com\/fr\/wp-json\/wp\/v2\/pages\/7476","targetHints":{"allow":["GET"]}}],"collection":[{"href":"https:\/\/www.olfasense.com\/fr\/wp-json\/wp\/v2\/pages"}],"about":[{"href":"https:\/\/www.olfasense.com\/fr\/wp-json\/wp\/v2\/types\/page"}],"author":[{"embeddable":true,"href":"https:\/\/www.olfasense.com\/fr\/wp-json\/wp\/v2\/users\/1"}],"replies":[{"embeddable":true,"href":"https:\/\/www.olfasense.com\/fr\/wp-json\/wp\/v2\/comments?post=7476"}],"version-history":[{"count":4,"href":"https:\/\/www.olfasense.com\/fr\/wp-json\/wp\/v2\/pages\/7476\/revisions"}],"predecessor-version":[{"id":12368,"href":"https:\/\/www.olfasense.com\/fr\/wp-json\/wp\/v2\/pages\/7476\/revisions\/12368"}],"wp:featuredmedia":[{"embeddable":true,"href":"https:\/\/www.olfasense.com\/fr\/wp-json\/wp\/v2\/media\/14263"}],"wp:attachment":[{"href":"https:\/\/www.olfasense.com\/fr\/wp-json\/wp\/v2\/media?parent=7476"}],"curies":[{"name":"wp","href":"https:\/\/api.w.org\/{rel}","templated":true}]}}