{"id":7473,"date":"2019-06-05T15:55:06","date_gmt":"2019-06-05T13:55:06","guid":{"rendered":"https:\/\/www.olfasense.com\/key-competences\/"},"modified":"2019-08-13T16:06:37","modified_gmt":"2019-08-13T14:06:37","slug":"competences-cles","status":"publish","type":"page","link":"https:\/\/www.olfasense.com\/fr\/odeurs-environnement\/competences-cles\/","title":{"rendered":"Nos comp\u00e9tences-cl\u00e9s"},"content":{"rendered":"<div class=\"intro\">\n<p>Olfasense offre une gamme compl\u00e8te de services afin d\u2019identifier, de mesurer, d\u2019\u00e9valuer et de contr\u00f4ler les \u00e9missions d\u2019odeurs, et ce, selon des normes de qualit\u00e9 internationalement reconnues.<\/p>\n<\/div>\n","protected":false},"excerpt":{"rendered":"Olfasense offre une gamme compl\u00e8te de services afin d\u2019identifier, de mesurer, d\u2019\u00e9valuer et de contr\u00f4ler les \u00e9missions d\u2019odeurs, et ce, selon des normes de qualit\u00e9 internationalement reconnues.","protected":false},"author":1,"featured_media":0,"parent":7476,"menu_order":1,"comment_status":"closed","ping_status":"closed","template":"page-templates\/page-layout.php","meta":{"_acf_changed":false,"footnotes":""},"class_list":["post post-type-page post-view- post-scope-","status-publish","clear"],"acf":[],"_links":{"self":[{"href":"https:\/\/www.olfasense.com\/fr\/wp-json\/wp\/v2\/pages\/7473","targetHints":{"allow":["GET"]}}],"collection":[{"href":"https:\/\/www.olfasense.com\/fr\/wp-json\/wp\/v2\/pages"}],"about":[{"href":"https:\/\/www.olfasense.com\/fr\/wp-json\/wp\/v2\/types\/page"}],"author":[{"embeddable":true,"href":"https:\/\/www.olfasense.com\/fr\/wp-json\/wp\/v2\/users\/1"}],"replies":[{"embeddable":true,"href":"https:\/\/www.olfasense.com\/fr\/wp-json\/wp\/v2\/comments?post=7473"}],"version-history":[{"count":2,"href":"https:\/\/www.olfasense.com\/fr\/wp-json\/wp\/v2\/pages\/7473\/revisions"}],"predecessor-version":[{"id":7475,"href":"https:\/\/www.olfasense.com\/fr\/wp-json\/wp\/v2\/pages\/7473\/revisions\/7475"}],"up":[{"embeddable":true,"href":"https:\/\/www.olfasense.com\/fr\/wp-json\/wp\/v2\/pages\/7476"}],"wp:attachment":[{"href":"https:\/\/www.olfasense.com\/fr\/wp-json\/wp\/v2\/media?parent=7473"}],"curies":[{"name":"wp","href":"https:\/\/api.w.org\/{rel}","templated":true}]}}