{"id":7470,"date":"2019-06-27T14:52:36","date_gmt":"2019-06-27T12:52:36","guid":{"rendered":"https:\/\/www.olfasense.com\/additional-odour-services\/"},"modified":"2019-08-13T16:04:57","modified_gmt":"2019-08-13T14:04:57","slug":"services-supplementaires","status":"publish","type":"page","link":"https:\/\/www.olfasense.com\/fr\/odeurs-environnement\/services-supplementaires\/","title":{"rendered":"Nous avons plus \u00e0 offrir"},"content":{"rendered":"<div class=\"intro\">\n<p>En plus de nos \u00e9tudes d&rsquo;odeurs dans l\u2019environnement, nous assistons quotidiennement nos clients gr\u00e2ce \u00e0 diff\u00e9rents services :<\/p>\n<\/div>\n<div class=\"row show-for-medium-up\"><\/div>\n","protected":false},"excerpt":{"rendered":"En plus de nos \u00e9tudes d&rsquo;odeurs dans l\u2019environnement, nous assistons quotidiennement nos clients gr\u00e2ce \u00e0 diff\u00e9rents services :","protected":false},"author":5,"featured_media":0,"parent":7476,"menu_order":2,"comment_status":"closed","ping_status":"closed","template":"page-templates\/page-layout.php","meta":{"_acf_changed":false,"footnotes":""},"class_list":["post post-type-page post-view- post-scope-","status-publish","clear"],"acf":[],"_links":{"self":[{"href":"https:\/\/www.olfasense.com\/fr\/wp-json\/wp\/v2\/pages\/7470","targetHints":{"allow":["GET"]}}],"collection":[{"href":"https:\/\/www.olfasense.com\/fr\/wp-json\/wp\/v2\/pages"}],"about":[{"href":"https:\/\/www.olfasense.com\/fr\/wp-json\/wp\/v2\/types\/page"}],"author":[{"embeddable":true,"href":"https:\/\/www.olfasense.com\/fr\/wp-json\/wp\/v2\/users\/5"}],"replies":[{"embeddable":true,"href":"https:\/\/www.olfasense.com\/fr\/wp-json\/wp\/v2\/comments?post=7470"}],"version-history":[{"count":2,"href":"https:\/\/www.olfasense.com\/fr\/wp-json\/wp\/v2\/pages\/7470\/revisions"}],"predecessor-version":[{"id":7472,"href":"https:\/\/www.olfasense.com\/fr\/wp-json\/wp\/v2\/pages\/7470\/revisions\/7472"}],"up":[{"embeddable":true,"href":"https:\/\/www.olfasense.com\/fr\/wp-json\/wp\/v2\/pages\/7476"}],"wp:attachment":[{"href":"https:\/\/www.olfasense.com\/fr\/wp-json\/wp\/v2\/media?parent=7470"}],"curies":[{"name":"wp","href":"https:\/\/api.w.org\/{rel}","templated":true}]}}