{"id":7303,"date":"2019-07-02T11:33:06","date_gmt":"2019-07-02T09:33:06","guid":{"rendered":"https:\/\/www.olfasense.com\/accreditations\/"},"modified":"2021-07-30T11:42:01","modified_gmt":"2021-07-30T09:42:01","slug":"accreditation","status":"publish","type":"page","link":"https:\/\/www.olfasense.com\/fr\/entreprise\/accreditation\/","title":{"rendered":"Accr\u00e9ditation"},"content":{"rendered":"<p>Olfasense a obtenu sa premi\u00e8re accr\u00e9ditation pour le laboratoire d\u2019Amsterdam le 28.09.1993 et est donc le pionnier de l\u2019accr\u00e9ditation selon la norme ISO\u00a017025.<\/p>\n<p>Gr\u00e2ce \u00e0 son expertise de haut niveau dans les techniques d\u2019analyse des odeurs, Olfasense g\u00e8re quatre laboratoires accr\u00e9dit\u00e9s en mesure des odeurs et travaillant en accord avec la norme EN 13725 et satisfaisant aux exigences de la norme ISO 17025. De plus, le laboratoire allemand est accr\u00e9dit\u00e9 pour les m\u00e9thodes de mesure VDA 270, PV3900 &amp; ISO 16000-28 et les laboratoires britanniques d\u00e9tiennent l&rsquo;accr\u00e9ditation MCERTS pour les tests d&rsquo;odeur, d&rsquo;ammoniac, de sulfure d&rsquo;hydrog\u00e8ne et de bioa\u00e9rosols.<\/p>\n<p>Notre processus de fabrication et d&rsquo;essais de nos sacs d\u2019\u00e9chantillonnage en Nalophan est \u00e9galement accr\u00e9dit\u00e9 selon la norme ISO\u00a017025.<\/p>\n<p>Enfin, Olfasense est le seul fournisseur mondial de comparaisons interlaboratoires pour les m\u00e9thodes de mesure selon la norme EN 13725 et VDA 270 et a \u00e9t\u00e9 accr\u00e9dit\u00e9 en\u00a02005.<\/p>\n<p><a href=\"https:\/\/www.olfasense.com\/company\/accreditations\/\" class=\"btn\">Un aper\u00e7u des accr\u00e9ditations des entreprises Olfasense individuelles peut \u00eatre trouv\u00e9 sur la page en anglais.<\/a><\/p>\n","protected":false},"excerpt":{"rendered":"Olfasense a obtenu sa premi\u00e8re accr\u00e9ditation pour le laboratoire d\u2019Amsterdam le 28.09.1993 et est donc le pionnier de l\u2019accr\u00e9ditation selon la norme ISO\u00a017025. Gr\u00e2ce \u00e0 son expertise de haut niveau dans les techniques d\u2019analyse des odeurs, Olfasense g\u00e8re quatre laboratoires accr\u00e9dit\u00e9s en mesure des odeurs et travaillant en accord avec la norme EN 13725 et","protected":false},"author":1,"featured_media":0,"parent":7745,"menu_order":3,"comment_status":"closed","ping_status":"closed","template":"page-templates\/page-layout.php","meta":{"_acf_changed":false,"footnotes":""},"class_list":["post post-type-page post-view- post-scope-","status-publish","clear"],"acf":[],"_links":{"self":[{"href":"https:\/\/www.olfasense.com\/fr\/wp-json\/wp\/v2\/pages\/7303","targetHints":{"allow":["GET"]}}],"collection":[{"href":"https:\/\/www.olfasense.com\/fr\/wp-json\/wp\/v2\/pages"}],"about":[{"href":"https:\/\/www.olfasense.com\/fr\/wp-json\/wp\/v2\/types\/page"}],"author":[{"embeddable":true,"href":"https:\/\/www.olfasense.com\/fr\/wp-json\/wp\/v2\/users\/1"}],"replies":[{"embeddable":true,"href":"https:\/\/www.olfasense.com\/fr\/wp-json\/wp\/v2\/comments?post=7303"}],"version-history":[{"count":4,"href":"https:\/\/www.olfasense.com\/fr\/wp-json\/wp\/v2\/pages\/7303\/revisions"}],"predecessor-version":[{"id":17716,"href":"https:\/\/www.olfasense.com\/fr\/wp-json\/wp\/v2\/pages\/7303\/revisions\/17716"}],"up":[{"embeddable":true,"href":"https:\/\/www.olfasense.com\/fr\/wp-json\/wp\/v2\/pages\/7745"}],"wp:attachment":[{"href":"https:\/\/www.olfasense.com\/fr\/wp-json\/wp\/v2\/media?parent=7303"}],"curies":[{"name":"wp","href":"https:\/\/api.w.org\/{rel}","templated":true}]}}