{"id":7283,"date":"2019-06-04T17:37:15","date_gmt":"2019-06-04T15:37:15","guid":{"rendered":"https:\/\/www.olfasense.com\/product-testing\/"},"modified":"2019-08-12T13:51:08","modified_gmt":"2019-08-12T11:51:08","slug":"tests-de-produits","status":"publish","type":"page","link":"https:\/\/www.olfasense.com\/fr\/tests-de-produits\/","title":{"rendered":"Optimisation de produits et tests de mat\u00e9riaux"},"content":{"rendered":"<p>Nos sens reconnaissent les caract\u00e9ristiques d\u00e9sirables et ind\u00e9sirables des produits et des\u00a0mat\u00e9riaux.<\/p>\n<p>En tant que leader mondial dans ce domaine et des ann\u00e9es d&rsquo;exp\u00e9rience dans l\u2019\u00e9tude des odeurs, Olfasense est en mesure de vous orienter dans votre recherche de qualit\u00e9 et d\u2019optimisation des propri\u00e9t\u00e9s odorantes des\u00a0produits.<\/p>\n<p>Olfasense d\u00e9veloppe et fournit une expertise de haut niveau sur les techniques d\u2019analyse des odeurs sensorielles et mol\u00e9culaires. Pour cela, nous disposons d\u2019une multitude d\u2019essais standardis\u00e9s, mais \u00e9galement de tests sp\u00e9cifiques selon les besoins de chaque\u00a0client.<\/p>\n","protected":false},"excerpt":{"rendered":"Nos sens reconnaissent les caract\u00e9ristiques d\u00e9sirables et ind\u00e9sirables des produits et des\u00a0mat\u00e9riaux. En tant que leader mondial dans ce domaine et des ann\u00e9es d&rsquo;exp\u00e9rience dans l\u2019\u00e9tude des odeurs, Olfasense est en mesure de vous orienter dans votre recherche de qualit\u00e9 et d\u2019optimisation des propri\u00e9t\u00e9s odorantes des\u00a0produits. Olfasense d\u00e9veloppe et fournit une expertise de haut niveau","protected":false},"author":1,"featured_media":14275,"parent":0,"menu_order":3,"comment_status":"closed","ping_status":"closed","template":"page-templates\/page-layout-intro.php","meta":{"_acf_changed":false,"footnotes":""},"class_list":["post post-type-page post-view- post-scope-","status-publish","has-post-thumbnail","clear"],"acf":[],"_links":{"self":[{"href":"https:\/\/www.olfasense.com\/fr\/wp-json\/wp\/v2\/pages\/7283","targetHints":{"allow":["GET"]}}],"collection":[{"href":"https:\/\/www.olfasense.com\/fr\/wp-json\/wp\/v2\/pages"}],"about":[{"href":"https:\/\/www.olfasense.com\/fr\/wp-json\/wp\/v2\/types\/page"}],"author":[{"embeddable":true,"href":"https:\/\/www.olfasense.com\/fr\/wp-json\/wp\/v2\/users\/1"}],"replies":[{"embeddable":true,"href":"https:\/\/www.olfasense.com\/fr\/wp-json\/wp\/v2\/comments?post=7283"}],"version-history":[{"count":3,"href":"https:\/\/www.olfasense.com\/fr\/wp-json\/wp\/v2\/pages\/7283\/revisions"}],"predecessor-version":[{"id":7312,"href":"https:\/\/www.olfasense.com\/fr\/wp-json\/wp\/v2\/pages\/7283\/revisions\/7312"}],"wp:featuredmedia":[{"embeddable":true,"href":"https:\/\/www.olfasense.com\/fr\/wp-json\/wp\/v2\/media\/14275"}],"wp:attachment":[{"href":"https:\/\/www.olfasense.com\/fr\/wp-json\/wp\/v2\/media?parent=7283"}],"curies":[{"name":"wp","href":"https:\/\/api.w.org\/{rel}","templated":true}]}}