{"id":7281,"date":"2019-06-27T14:47:41","date_gmt":"2019-06-27T12:47:41","guid":{"rendered":"https:\/\/www.olfasense.com\/successful-odour-studies\/"},"modified":"2019-08-12T13:34:41","modified_gmt":"2019-08-12T11:34:41","slug":"etudes-odeurs","status":"publish","type":"page","link":"https:\/\/www.olfasense.com\/fr\/tests-de-produits\/etudes-odeurs\/","title":{"rendered":"Cr\u00e9er des \u00e9tudes d&rsquo;odeurs r\u00e9ussies"},"content":{"rendered":"<div class=\"intro\">\n<p>L\u2019optimisation des produits et des essais de mat\u00e9riaux ont des possibilit\u00e9s presque infinies, et notre but est d\u2019obtenir des r\u00e9sultats valides et utiles.<\/p>\n<\/div>\n","protected":false},"excerpt":{"rendered":"L\u2019optimisation des produits et des essais de mat\u00e9riaux ont des possibilit\u00e9s presque infinies, et notre but est d\u2019obtenir des r\u00e9sultats valides et utiles.","protected":false},"author":5,"featured_media":0,"parent":7283,"menu_order":0,"comment_status":"closed","ping_status":"closed","template":"page-templates\/page-layout.php","meta":{"_acf_changed":false,"footnotes":""},"class_list":["post post-type-page post-view- post-scope-","status-publish","clear"],"acf":[],"_links":{"self":[{"href":"https:\/\/www.olfasense.com\/fr\/wp-json\/wp\/v2\/pages\/7281","targetHints":{"allow":["GET"]}}],"collection":[{"href":"https:\/\/www.olfasense.com\/fr\/wp-json\/wp\/v2\/pages"}],"about":[{"href":"https:\/\/www.olfasense.com\/fr\/wp-json\/wp\/v2\/types\/page"}],"author":[{"embeddable":true,"href":"https:\/\/www.olfasense.com\/fr\/wp-json\/wp\/v2\/users\/5"}],"replies":[{"embeddable":true,"href":"https:\/\/www.olfasense.com\/fr\/wp-json\/wp\/v2\/comments?post=7281"}],"version-history":[{"count":1,"href":"https:\/\/www.olfasense.com\/fr\/wp-json\/wp\/v2\/pages\/7281\/revisions"}],"predecessor-version":[{"id":7282,"href":"https:\/\/www.olfasense.com\/fr\/wp-json\/wp\/v2\/pages\/7281\/revisions\/7282"}],"up":[{"embeddable":true,"href":"https:\/\/www.olfasense.com\/fr\/wp-json\/wp\/v2\/pages\/7283"}],"wp:attachment":[{"href":"https:\/\/www.olfasense.com\/fr\/wp-json\/wp\/v2\/media?parent=7281"}],"curies":[{"name":"wp","href":"https:\/\/api.w.org\/{rel}","templated":true}]}}