{"id":7279,"date":"2019-06-27T14:48:22","date_gmt":"2019-06-27T12:48:22","guid":{"rendered":"https:\/\/www.olfasense.com\/additional-odour-services\/"},"modified":"2019-08-12T13:33:49","modified_gmt":"2019-08-12T11:33:49","slug":"services-odeurs-supplementaires","status":"publish","type":"page","link":"https:\/\/www.olfasense.com\/fr\/tests-de-produits\/services-odeurs-supplementaires\/","title":{"rendered":"Nous avons plus \u00e0 offrir"},"content":{"rendered":"<p>Nous assistons r\u00e9guli\u00e8rement nos clients gr\u00e2ce \u00e0 diff\u00e9rents services qui compl\u00e8tent nos \u00e9tudes\u00a0d&rsquo;odeurs.<\/p>\n","protected":false},"excerpt":{"rendered":"Nous assistons r\u00e9guli\u00e8rement nos clients gr\u00e2ce \u00e0 diff\u00e9rents services qui compl\u00e8tent nos \u00e9tudes\u00a0d&rsquo;odeurs.","protected":false},"author":5,"featured_media":0,"parent":7283,"menu_order":0,"comment_status":"closed","ping_status":"closed","template":"page-templates\/page-layout.php","meta":{"_acf_changed":false,"footnotes":""},"class_list":["post post-type-page post-view- post-scope-","status-publish","clear"],"acf":[],"_links":{"self":[{"href":"https:\/\/www.olfasense.com\/fr\/wp-json\/wp\/v2\/pages\/7279","targetHints":{"allow":["GET"]}}],"collection":[{"href":"https:\/\/www.olfasense.com\/fr\/wp-json\/wp\/v2\/pages"}],"about":[{"href":"https:\/\/www.olfasense.com\/fr\/wp-json\/wp\/v2\/types\/page"}],"author":[{"embeddable":true,"href":"https:\/\/www.olfasense.com\/fr\/wp-json\/wp\/v2\/users\/5"}],"replies":[{"embeddable":true,"href":"https:\/\/www.olfasense.com\/fr\/wp-json\/wp\/v2\/comments?post=7279"}],"version-history":[{"count":1,"href":"https:\/\/www.olfasense.com\/fr\/wp-json\/wp\/v2\/pages\/7279\/revisions"}],"predecessor-version":[{"id":7280,"href":"https:\/\/www.olfasense.com\/fr\/wp-json\/wp\/v2\/pages\/7279\/revisions\/7280"}],"up":[{"embeddable":true,"href":"https:\/\/www.olfasense.com\/fr\/wp-json\/wp\/v2\/pages\/7283"}],"wp:attachment":[{"href":"https:\/\/www.olfasense.com\/fr\/wp-json\/wp\/v2\/media?parent=7279"}],"curies":[{"name":"wp","href":"https:\/\/api.w.org\/{rel}","templated":true}]}}