{"id":7403,"date":"2019-07-24T16:38:56","date_gmt":"2019-07-24T14:38:56","guid":{"rendered":"https:\/\/www.olfasense.com\/download\/"},"modified":"2019-08-13T12:07:24","modified_gmt":"2019-08-13T10:07:24","slug":"download","status":"publish","type":"page","link":"https:\/\/www.olfasense.com\/es\/download\/","title":{"rendered":"Download"},"content":{"rendered":"<p>Muchas gracias por su inter\u00e9s en nuestros productos.<\/p>\n<p>Para descargar el archivo solicitado, proporcione la informaci\u00f3n requerida a continuaci\u00f3n. <strong>Recibir\u00e1 el enlace de descarga despu\u00e9s de enviar el formulario a continuaci\u00f3n.<\/strong><\/p>\n<p>Si indica su n\u00famero de tel\u00e9fono, estaremos encantados de llamarle.<\/p>\n<p><strong>Tenga en cuenta:<\/strong> Olfasense almacenar\u00e1 sus datos de contacto para procesar su solicitud y tambi\u00e9n para enviarle informaci\u00f3n relacionada. Puede revocar este consentimiento en cualquier momento para el futuro, por ejemplo enviando un correo electr\u00f3nico a <a href=\"mailto:noseletter@olfasense.com\">noseletter@olfasense.com<\/a>. Lea m\u00e1s en nuestra <a href=\"https:\/\/www.olfasense.com\/es\/privacy\/\">Pol\u00edtica de privacidad<\/a>.<\/p>\n\n<div class=\"wpcf7 no-js\" id=\"wpcf7-f6744-o1\" lang=\"en-US\" dir=\"ltr\" data-wpcf7-id=\"6744\">\n<div class=\"screen-reader-response\"><p role=\"status\" aria-live=\"polite\" aria-atomic=\"true\"><\/p> <ul><\/ul><\/div>\n<form action=\"\/es\/wp-json\/wp\/v2\/pages\/7403#wpcf7-f6744-o1\" method=\"post\" class=\"wpcf7-form init\" aria-label=\"Contact form\" novalidate=\"novalidate\" data-status=\"init\">\n<fieldset class=\"hidden-fields-container\"><input type=\"hidden\" name=\"_wpcf7\" value=\"6744\" \/><input type=\"hidden\" name=\"_wpcf7_version\" value=\"6.1.5\" \/><input type=\"hidden\" name=\"_wpcf7_locale\" value=\"en_US\" \/><input type=\"hidden\" name=\"_wpcf7_unit_tag\" value=\"wpcf7-f6744-o1\" \/><input type=\"hidden\" name=\"_wpcf7_container_post\" value=\"0\" \/><input type=\"hidden\" name=\"_wpcf7_posted_data_hash\" value=\"\" \/><input type=\"hidden\" name=\"_wpcf7_recaptcha_response\" value=\"\" \/>\n<\/fieldset>\n<p><div class=\"card em error\">We couldn't track the desired download, please try again.<\/div>\n<\/p>\n<div class=\"hide\">\n\t<p><span class=\"wpcf7-form-control-wrap\" data-name=\"download_id\"><input size=\"40\" maxlength=\"400\" class=\"wpcf7-form-control wpcf7-text wpcf7-validates-as-required\" aria-required=\"true\" aria-invalid=\"false\" value=\"\" type=\"text\" name=\"download_id\" \/><\/span>\n\t<\/p>\n<\/div>\n<div class=\"field-wrap field-firstname\">\n\t<p><span class=\"wpcf7-form-control-wrap\" data-name=\"firstname\"><input size=\"40\" maxlength=\"400\" class=\"wpcf7-form-control wpcf7-text wpcf7-validates-as-required\" aria-required=\"true\" aria-invalid=\"false\" placeholder=\"Nombre*\" value=\"\" type=\"text\" name=\"firstname\" \/><\/span>\n\t<\/p>\n<\/div>\n<div class=\"field-wrap field-lastname\">\n\t<p><span class=\"wpcf7-form-control-wrap\" data-name=\"lastname\"><input size=\"40\" maxlength=\"400\" class=\"wpcf7-form-control wpcf7-text wpcf7-validates-as-required\" aria-required=\"true\" aria-invalid=\"false\" placeholder=\"Apellido *\" value=\"\" type=\"text\" name=\"lastname\" \/><\/span>\n\t<\/p>\n<\/div>\n<div class=\"field-wrap field-email\">\n\t<p><span class=\"wpcf7-form-control-wrap\" data-name=\"email\"><input size=\"40\" maxlength=\"400\" class=\"wpcf7-form-control wpcf7-email wpcf7-validates-as-required wpcf7-text wpcf7-validates-as-email\" aria-required=\"true\" aria-invalid=\"false\" placeholder=\"Correo electr\u00f3nico *\" value=\"\" type=\"email\" name=\"email\" \/><\/span>\n\t<\/p>\n<\/div>\n<div class=\"field-wrap field-company\">\n\t<p><span class=\"wpcf7-form-control-wrap\" data-name=\"company\"><input size=\"40\" maxlength=\"400\" class=\"wpcf7-form-control wpcf7-text wpcf7-validates-as-required\" aria-required=\"true\" aria-invalid=\"false\" placeholder=\"Empresa *\" value=\"\" type=\"text\" name=\"company\" \/><\/span>\n\t<\/p>\n<\/div>\n<div class=\"field-wrap field-phone\">\n\t<p><span class=\"wpcf7-form-control-wrap\" data-name=\"phone\"><input size=\"40\" maxlength=\"400\" class=\"wpcf7-form-control wpcf7-text\" aria-invalid=\"false\" placeholder=\"Tel\u00e9fono\" value=\"\" type=\"text\" name=\"phone\" \/><\/span>\n\t<\/p>\n<\/div>\n<div class=\"field-wrap field-acceptance\">\n\t<p><label class=\"field-label\">Privacidad <span class=\"required\">*<\/span><\/label><span class=\"wpcf7-form-control-wrap\" data-name=\"acceptance\"><span class=\"wpcf7-form-control wpcf7-checkbox wpcf7-validates-as-required\"><span class=\"wpcf7-list-item first last\"><label><input type=\"checkbox\" name=\"acceptance[]\" value=\"He le\u00eddo, entiendo y acepto la pol\u00edtica de privacidad como se explica anteriormente.\" \/><span class=\"wpcf7-list-item-label\">He le\u00eddo, entiendo y acepto la pol\u00edtica de privacidad como se explica anteriormente.<\/span><\/label><\/span><\/span><\/span>\n\t<\/p>\n<\/div>\n<p><small>Este formulario est\u00e1 protegido por reCAPTCHA. Consulta la <a href=\"https:\/\/policies.google.com\/privacy\" target=\"_blank\">Pol\u00edtica de Privacidad<\/a> y las <a href=\"https:\/\/policies.google.com\/terms\" target=\"_blank\">Condiciones del Servicio<\/a> de Google.<\/small>\n<\/p>\n<div class=\"field-wrap field-submit clear\">\n\t<p><input class=\"wpcf7-form-control wpcf7-submit has-spinner btn\" type=\"submit\" value=\"Descargar archivo\" \/>\n\t<\/p>\n<\/div><div class=\"wpcf7-response-output\" aria-hidden=\"true\"><\/div>\n<\/form>\n<\/div>\n\n","protected":false},"excerpt":{"rendered":"Muchas gracias por su inter\u00e9s en nuestros productos. Para descargar el archivo solicitado, proporcione la informaci\u00f3n requerida a continuaci\u00f3n. Recibir\u00e1 el enlace de descarga despu\u00e9s de enviar el formulario a continuaci\u00f3n. Si indica su n\u00famero de tel\u00e9fono, estaremos encantados de llamarle. Tenga en cuenta: Olfasense almacenar\u00e1 sus datos de contacto para procesar su solicitud y","protected":false},"author":1,"featured_media":0,"parent":0,"menu_order":0,"comment_status":"closed","ping_status":"closed","template":"page-templates\/page-layout.php","meta":{"_acf_changed":false,"footnotes":""},"class_list":["post post-type-page post-view- post-scope-","status-publish","clear"],"acf":[],"_links":{"self":[{"href":"https:\/\/www.olfasense.com\/es\/wp-json\/wp\/v2\/pages\/7403","targetHints":{"allow":["GET"]}}],"collection":[{"href":"https:\/\/www.olfasense.com\/es\/wp-json\/wp\/v2\/pages"}],"about":[{"href":"https:\/\/www.olfasense.com\/es\/wp-json\/wp\/v2\/types\/page"}],"author":[{"embeddable":true,"href":"https:\/\/www.olfasense.com\/es\/wp-json\/wp\/v2\/users\/1"}],"replies":[{"embeddable":true,"href":"https:\/\/www.olfasense.com\/es\/wp-json\/wp\/v2\/comments?post=7403"}],"version-history":[{"count":4,"href":"https:\/\/www.olfasense.com\/es\/wp-json\/wp\/v2\/pages\/7403\/revisions"}],"predecessor-version":[{"id":7408,"href":"https:\/\/www.olfasense.com\/es\/wp-json\/wp\/v2\/pages\/7403\/revisions\/7408"}],"wp:attachment":[{"href":"https:\/\/www.olfasense.com\/es\/wp-json\/wp\/v2\/media?parent=7403"}],"curies":[{"name":"wp","href":"https:\/\/api.w.org\/{rel}","templated":true}]}}