{"id":7170,"date":"2019-07-05T10:49:50","date_gmt":"2019-07-05T08:49:50","guid":{"rendered":"https:\/\/www.olfasense.com\/no-search-results\/"},"modified":"2019-08-05T16:23:51","modified_gmt":"2019-08-05T14:23:51","slug":"buscar","status":"publish","type":"page","link":"https:\/\/www.olfasense.com\/es\/buscar\/","title":{"rendered":"Buscar"},"content":{"rendered":"<p>Lo sentimos, no pudimos encontrar ning\u00fan resultado de b\u00fasqueda con su t\u00e9rmino:<\/p>\n\n","protected":false},"excerpt":{"rendered":"Lo sentimos, no pudimos encontrar ning\u00fan resultado de b\u00fasqueda con su t\u00e9rmino:","protected":false},"author":1,"featured_media":0,"parent":0,"menu_order":14,"comment_status":"closed","ping_status":"closed","template":"page-templates\/page-layout-intro.php","meta":{"_acf_changed":false,"footnotes":""},"class_list":["post post-type-page post-view- post-scope-","status-publish","clear"],"acf":[],"_links":{"self":[{"href":"https:\/\/www.olfasense.com\/es\/wp-json\/wp\/v2\/pages\/7170","targetHints":{"allow":["GET"]}}],"collection":[{"href":"https:\/\/www.olfasense.com\/es\/wp-json\/wp\/v2\/pages"}],"about":[{"href":"https:\/\/www.olfasense.com\/es\/wp-json\/wp\/v2\/types\/page"}],"author":[{"embeddable":true,"href":"https:\/\/www.olfasense.com\/es\/wp-json\/wp\/v2\/users\/1"}],"replies":[{"embeddable":true,"href":"https:\/\/www.olfasense.com\/es\/wp-json\/wp\/v2\/comments?post=7170"}],"version-history":[{"count":4,"href":"https:\/\/www.olfasense.com\/es\/wp-json\/wp\/v2\/pages\/7170\/revisions"}],"predecessor-version":[{"id":7176,"href":"https:\/\/www.olfasense.com\/es\/wp-json\/wp\/v2\/pages\/7170\/revisions\/7176"}],"wp:attachment":[{"href":"https:\/\/www.olfasense.com\/es\/wp-json\/wp\/v2\/media?parent=7170"}],"curies":[{"name":"wp","href":"https:\/\/api.w.org\/{rel}","templated":true}]}}