{"id":7167,"date":"2019-06-04T17:39:29","date_gmt":"2019-06-04T15:39:29","guid":{"rendered":"https:\/\/www.olfasense.com\/contact\/"},"modified":"2024-03-11T10:57:18","modified_gmt":"2024-03-11T09:57:18","slug":"contacto","status":"publish","type":"page","link":"https:\/\/www.olfasense.com\/es\/contacto\/","title":{"rendered":"Contacto"},"content":{"rendered":"<p>Olfasense trabaja a nivel mundial y ha completado m\u00e1s de 6500 proyectos en todo el mundo.<\/p>\n<p>Los datos de contacto de nuestras oficinas principales se presentan a continuaci\u00f3n, pero no importa d\u00f3nde se encuentre su proyecto, podemos manejarlo. Comun\u00edquese con nuestros equipos (multiling\u00fces) a trav\u00e9s del formulario de contacto.<\/p>\n<p><img decoding=\"async\" width=\"1044\" height=\"497\" src=\"https:\/\/www.olfasense.com\/wp-content\/uploads\/2019\/07\/olfasense_projects_worldwide_2017.png\" alt=\"Olfasense projects\" class=\"alignnone size-full wp-image-3431\" srcset=\"https:\/\/www.olfasense.com\/wp-content\/uploads\/2019\/07\/olfasense_projects_worldwide_2017.png 1044w, https:\/\/www.olfasense.com\/wp-content\/uploads\/2019\/07\/olfasense_projects_worldwide_2017-300x143.png 300w, https:\/\/www.olfasense.com\/wp-content\/uploads\/2019\/07\/olfasense_projects_worldwide_2017-768x366.png 768w, https:\/\/www.olfasense.com\/wp-content\/uploads\/2019\/07\/olfasense_projects_worldwide_2017-1024x487.png 1024w\" sizes=\"(max-width: 1044px) 100vw, 1044px\" \/><\/p>\n<ul class=\"sectors\">\n<li class=\"environmental\">Environmental<\/li>\n<li class=\"product-testing\">Product Testing<\/li>\n<li class=\"instruments\">Instruments<\/li>\n<li class=\"qaqc\">QA\/QC Services<\/li>\n<\/ul>\n","protected":false},"excerpt":{"rendered":"Olfasense trabaja a nivel mundial y ha completado m\u00e1s de 6500 proyectos en todo el mundo. Los datos de contacto de nuestras oficinas principales se presentan a continuaci\u00f3n, pero no importa d\u00f3nde se encuentre su proyecto, podemos manejarlo. Comun\u00edquese con nuestros equipos (multiling\u00fces) a trav\u00e9s del formulario de contacto. Environmental Product Testing Instruments QA\/QC Services","protected":false},"author":1,"featured_media":0,"parent":0,"menu_order":10,"comment_status":"closed","ping_status":"closed","template":"page-templates\/page-layout.php","meta":{"_acf_changed":false,"footnotes":""},"class_list":["post post-type-page post-view- post-scope-","status-publish","clear"],"acf":[],"_links":{"self":[{"href":"https:\/\/www.olfasense.com\/es\/wp-json\/wp\/v2\/pages\/7167","targetHints":{"allow":["GET"]}}],"collection":[{"href":"https:\/\/www.olfasense.com\/es\/wp-json\/wp\/v2\/pages"}],"about":[{"href":"https:\/\/www.olfasense.com\/es\/wp-json\/wp\/v2\/types\/page"}],"author":[{"embeddable":true,"href":"https:\/\/www.olfasense.com\/es\/wp-json\/wp\/v2\/users\/1"}],"replies":[{"embeddable":true,"href":"https:\/\/www.olfasense.com\/es\/wp-json\/wp\/v2\/comments?post=7167"}],"version-history":[{"count":4,"href":"https:\/\/www.olfasense.com\/es\/wp-json\/wp\/v2\/pages\/7167\/revisions"}],"predecessor-version":[{"id":22982,"href":"https:\/\/www.olfasense.com\/es\/wp-json\/wp\/v2\/pages\/7167\/revisions\/22982"}],"wp:attachment":[{"href":"https:\/\/www.olfasense.com\/es\/wp-json\/wp\/v2\/media?parent=7167"}],"curies":[{"name":"wp","href":"https:\/\/api.w.org\/{rel}","templated":true}]}}