{"id":7152,"date":"2019-06-27T15:17:17","date_gmt":"2019-06-27T13:17:17","guid":{"rendered":"https:\/\/www.olfasense.com\/network\/"},"modified":"2019-08-05T15:29:27","modified_gmt":"2019-08-05T13:29:27","slug":"red-socios","status":"publish","type":"page","link":"https:\/\/www.olfasense.com\/es\/empresa\/red-socios\/","title":{"rendered":"Red de socios"},"content":{"rendered":"<div class=\"intro\">\n<p>Olfasense tiene fuertes lazos con los socios del mundo acad\u00e9mico, privado y p\u00fablico, que brindan oportunidades de intercambio de conocimientos y de colaboraci\u00f3n a trav\u00e9s de toda nuestra cartera. En esta secci\u00f3n se puede aprender acerca de algunas de nuestras cooperaciones. (en ingl\u00e9s)<\/p>\n<\/div>\n","protected":false},"excerpt":{"rendered":"Olfasense tiene fuertes lazos con los socios del mundo acad\u00e9mico, privado y p\u00fablico, que brindan oportunidades de intercambio de conocimientos y de colaboraci\u00f3n a trav\u00e9s de toda nuestra cartera. En esta secci\u00f3n se puede aprender acerca de algunas de nuestras cooperaciones. (en ingl\u00e9s)","protected":false},"author":5,"featured_media":0,"parent":7158,"menu_order":1,"comment_status":"closed","ping_status":"closed","template":"page-templates\/page-layout.php","meta":{"_acf_changed":false,"footnotes":""},"class_list":["post post-type-page post-view- post-scope-","status-publish","clear"],"acf":[],"_links":{"self":[{"href":"https:\/\/www.olfasense.com\/es\/wp-json\/wp\/v2\/pages\/7152","targetHints":{"allow":["GET"]}}],"collection":[{"href":"https:\/\/www.olfasense.com\/es\/wp-json\/wp\/v2\/pages"}],"about":[{"href":"https:\/\/www.olfasense.com\/es\/wp-json\/wp\/v2\/types\/page"}],"author":[{"embeddable":true,"href":"https:\/\/www.olfasense.com\/es\/wp-json\/wp\/v2\/users\/5"}],"replies":[{"embeddable":true,"href":"https:\/\/www.olfasense.com\/es\/wp-json\/wp\/v2\/comments?post=7152"}],"version-history":[{"count":3,"href":"https:\/\/www.olfasense.com\/es\/wp-json\/wp\/v2\/pages\/7152\/revisions"}],"predecessor-version":[{"id":7157,"href":"https:\/\/www.olfasense.com\/es\/wp-json\/wp\/v2\/pages\/7152\/revisions\/7157"}],"up":[{"embeddable":true,"href":"https:\/\/www.olfasense.com\/es\/wp-json\/wp\/v2\/pages\/7158"}],"wp:attachment":[{"href":"https:\/\/www.olfasense.com\/es\/wp-json\/wp\/v2\/media?parent=7152"}],"curies":[{"name":"wp","href":"https:\/\/api.w.org\/{rel}","templated":true}]}}