{"id":7100,"date":"2019-06-05T14:05:01","date_gmt":"2019-06-05T12:05:01","guid":{"rendered":"https:\/\/www.olfasense.com\/odour-measurement-equipment\/"},"modified":"2026-01-28T09:38:19","modified_gmt":"2026-01-28T08:38:19","slug":"equipos-de-medicion-de-olor","status":"publish","type":"page","link":"https:\/\/www.olfasense.com\/es\/equipos-de-medicion-de-olor\/","title":{"rendered":"Equipos de medici\u00f3n de olor"},"content":{"rendered":"<p>Olfasense es el proveedor l\u00edder mundial de equipos y tecnolog\u00edas para su laboratorio de olores, incluyendo olfat\u00f3metros y herramientas de muestreo, software, servicios de calibraci\u00f3n, y mucho m\u00e1s.<\/p>\n<p>Nuestra tecnolog\u00eda es utilizada por m\u00e1s de 400 laboratorios, institutos de investigaci\u00f3n, universidades y empresas en todo el mundo.<\/p>\n<p>La experiencia de nuestro equipo t\u00e9cnico es clave para nuestro \u00e9xito en este campo &#8211; estamos a su servicio para establecer su laboratorio de olores!<\/p>\n","protected":false},"excerpt":{"rendered":"Olfasense es el proveedor l\u00edder mundial de equipos y tecnolog\u00edas para su laboratorio de olores, incluyendo olfat\u00f3metros y herramientas de muestreo, software, servicios de calibraci\u00f3n, y mucho m\u00e1s. Nuestra tecnolog\u00eda es utilizada por m\u00e1s de 400 laboratorios, institutos de investigaci\u00f3n, universidades y empresas en todo el mundo. La experiencia de nuestro equipo t\u00e9cnico es clave","protected":false},"author":1,"featured_media":14271,"parent":0,"menu_order":7,"comment_status":"closed","ping_status":"closed","template":"page-templates\/page-layout-intro.php","meta":{"_acf_changed":false,"footnotes":""},"class_list":["post post-type-page post-view- post-scope-","status-publish","has-post-thumbnail","clear"],"acf":[],"_links":{"self":[{"href":"https:\/\/www.olfasense.com\/es\/wp-json\/wp\/v2\/pages\/7100","targetHints":{"allow":["GET"]}}],"collection":[{"href":"https:\/\/www.olfasense.com\/es\/wp-json\/wp\/v2\/pages"}],"about":[{"href":"https:\/\/www.olfasense.com\/es\/wp-json\/wp\/v2\/types\/page"}],"author":[{"embeddable":true,"href":"https:\/\/www.olfasense.com\/es\/wp-json\/wp\/v2\/users\/1"}],"replies":[{"embeddable":true,"href":"https:\/\/www.olfasense.com\/es\/wp-json\/wp\/v2\/comments?post=7100"}],"version-history":[{"count":4,"href":"https:\/\/www.olfasense.com\/es\/wp-json\/wp\/v2\/pages\/7100\/revisions"}],"predecessor-version":[{"id":25316,"href":"https:\/\/www.olfasense.com\/es\/wp-json\/wp\/v2\/pages\/7100\/revisions\/25316"}],"wp:featuredmedia":[{"embeddable":true,"href":"https:\/\/www.olfasense.com\/es\/wp-json\/wp\/v2\/media\/14271"}],"wp:attachment":[{"href":"https:\/\/www.olfasense.com\/es\/wp-json\/wp\/v2\/media?parent=7100"}],"curies":[{"name":"wp","href":"https:\/\/api.w.org\/{rel}","templated":true}]}}