{"id":7091,"date":"2019-06-27T14:54:18","date_gmt":"2019-06-27T12:54:18","guid":{"rendered":"https:\/\/www.olfasense.com\/services\/"},"modified":"2019-08-01T15:24:17","modified_gmt":"2019-08-01T13:24:17","slug":"servicio","status":"publish","type":"page","link":"https:\/\/www.olfasense.com\/es\/equipos-de-medicion-de-olor\/servicio\/","title":{"rendered":"Todo parte del servicio Olfasense"},"content":{"rendered":"<p>No es s\u00f3lo nuestra competencia, la experiencia y la capacidad de innovaci\u00f3n que nos hacen l\u00edder mundial en el suministro de soluciones de medici\u00f3n de olores. Con nuestros servicios complementarios usted est\u00e1 en las mejores manos para mantener su laboratorio de olores al m\u00e1ximo rendimiento.<\/p>\n","protected":false},"excerpt":{"rendered":"No es s\u00f3lo nuestra competencia, la experiencia y la capacidad de innovaci\u00f3n que nos hacen l\u00edder mundial en el suministro de soluciones de medici\u00f3n de olores. Con nuestros servicios complementarios usted est\u00e1 en las mejores manos para mantener su laboratorio de olores al m\u00e1ximo rendimiento.","protected":false},"author":5,"featured_media":0,"parent":7100,"menu_order":0,"comment_status":"closed","ping_status":"closed","template":"page-templates\/page-layout.php","meta":{"_acf_changed":false,"footnotes":""},"class_list":["post post-type-page post-view- post-scope-","status-publish","clear"],"acf":[],"_links":{"self":[{"href":"https:\/\/www.olfasense.com\/es\/wp-json\/wp\/v2\/pages\/7091","targetHints":{"allow":["GET"]}}],"collection":[{"href":"https:\/\/www.olfasense.com\/es\/wp-json\/wp\/v2\/pages"}],"about":[{"href":"https:\/\/www.olfasense.com\/es\/wp-json\/wp\/v2\/types\/page"}],"author":[{"embeddable":true,"href":"https:\/\/www.olfasense.com\/es\/wp-json\/wp\/v2\/users\/5"}],"replies":[{"embeddable":true,"href":"https:\/\/www.olfasense.com\/es\/wp-json\/wp\/v2\/comments?post=7091"}],"version-history":[{"count":2,"href":"https:\/\/www.olfasense.com\/es\/wp-json\/wp\/v2\/pages\/7091\/revisions"}],"predecessor-version":[{"id":7095,"href":"https:\/\/www.olfasense.com\/es\/wp-json\/wp\/v2\/pages\/7091\/revisions\/7095"}],"up":[{"embeddable":true,"href":"https:\/\/www.olfasense.com\/es\/wp-json\/wp\/v2\/pages\/7100"}],"wp:attachment":[{"href":"https:\/\/www.olfasense.com\/es\/wp-json\/wp\/v2\/media?parent=7091"}],"curies":[{"name":"wp","href":"https:\/\/api.w.org\/{rel}","templated":true}]}}