{"id":7088,"date":"2019-06-27T14:56:49","date_gmt":"2019-06-27T12:56:49","guid":{"rendered":"https:\/\/www.olfasense.com\/certified-distributors\/"},"modified":"2019-08-16T12:44:35","modified_gmt":"2019-08-16T10:44:35","slug":"distribuidores-certificados","status":"publish","type":"page","link":"https:\/\/www.olfasense.com\/es\/equipos-de-medicion-de-olor\/distribuidores-certificados\/","title":{"rendered":"Nuestros distribuidores certificados"},"content":{"rendered":"<div class=\"intro\">\n<p>Adem\u00e1s de la ventas y la asistencia directa, Olfasense sirve a sus clientes a trav\u00e9s de una red global de distribuidores certificados para ofrecer los m\u00e1s altos niveles de servicio en todo el mundo. Nuestros distribuidores son cuidadosamente seleccionados para asegurar que nuestros clientes puedan disfrutar del mejor servicio local. Haga clic en la lista para obtener m\u00e1s informaci\u00f3n (en ingl\u00e9s).<\/p>\n<\/div>\n","protected":false},"excerpt":{"rendered":"Adem\u00e1s de la ventas y la asistencia directa, Olfasense sirve a sus clientes a trav\u00e9s de una red global de distribuidores certificados para ofrecer los m\u00e1s altos niveles de servicio en todo el mundo. Nuestros distribuidores son cuidadosamente seleccionados para asegurar que nuestros clientes puedan disfrutar del mejor servicio local. Haga clic en la lista","protected":false},"author":5,"featured_media":0,"parent":7100,"menu_order":0,"comment_status":"closed","ping_status":"closed","template":"page-templates\/page-layout.php","meta":{"_acf_changed":false,"footnotes":""},"class_list":["post post-type-page post-view- post-scope-","status-publish","clear"],"acf":[],"_links":{"self":[{"href":"https:\/\/www.olfasense.com\/es\/wp-json\/wp\/v2\/pages\/7088","targetHints":{"allow":["GET"]}}],"collection":[{"href":"https:\/\/www.olfasense.com\/es\/wp-json\/wp\/v2\/pages"}],"about":[{"href":"https:\/\/www.olfasense.com\/es\/wp-json\/wp\/v2\/types\/page"}],"author":[{"embeddable":true,"href":"https:\/\/www.olfasense.com\/es\/wp-json\/wp\/v2\/users\/5"}],"replies":[{"embeddable":true,"href":"https:\/\/www.olfasense.com\/es\/wp-json\/wp\/v2\/comments?post=7088"}],"version-history":[{"count":2,"href":"https:\/\/www.olfasense.com\/es\/wp-json\/wp\/v2\/pages\/7088\/revisions"}],"predecessor-version":[{"id":7822,"href":"https:\/\/www.olfasense.com\/es\/wp-json\/wp\/v2\/pages\/7088\/revisions\/7822"}],"up":[{"embeddable":true,"href":"https:\/\/www.olfasense.com\/es\/wp-json\/wp\/v2\/pages\/7100"}],"wp:attachment":[{"href":"https:\/\/www.olfasense.com\/es\/wp-json\/wp\/v2\/media?parent=7088"}],"curies":[{"name":"wp","href":"https:\/\/api.w.org\/{rel}","templated":true}]}}