{"id":7030,"date":"2019-06-27T15:14:14","date_gmt":"2019-06-27T13:14:14","guid":{"rendered":"https:\/\/www.olfasense.com\/interlaboratory-comparisons\/"},"modified":"2025-02-07T09:44:15","modified_gmt":"2025-02-07T08:44:15","slug":"tests-de-comparacion-interlaboratorio","status":"publish","type":"page","link":"https:\/\/www.olfasense.com\/es\/servicios-gestion-calidad\/tests-de-comparacion-interlaboratorio\/","title":{"rendered":"Tests de comparaci\u00f3n interlaboratorio"},"content":{"rendered":"<p>Olfasense GmbH es\u00a0proveedor de tests de comparaci\u00f3n interlaboratorio (ILC) de acuerdo con las normas EN 13725 y VDA 270 y ha sido acreditado desde\u00a02005.<\/p>\n<p>Si desea recibir invitaciones para los tests de comparaci\u00f3n interlaboratorio Olfasense, suscr\u00edbase a nuestro bolet\u00edn informativo <a href=\"#newsletter\">al final de esta p\u00e1gina<\/a><span class=\"ext\" aria-label=\"(link is external)\"><\/span>.<\/p>\n<p>En caso de reclamaciones u objeciones, p\u00f3ngase en contacto directamente con <a href=\"mailto:qaqc@olfasense.com\">qaqc@olfasense.com<\/a>.<\/p>\n","protected":false},"excerpt":{"rendered":"Olfasense GmbH es\u00a0proveedor de tests de comparaci\u00f3n interlaboratorio (ILC) de acuerdo con las normas EN 13725 y VDA 270 y ha sido acreditado desde\u00a02005. Si desea recibir invitaciones para los tests de comparaci\u00f3n interlaboratorio Olfasense, suscr\u00edbase a nuestro bolet\u00edn informativo al final de esta p\u00e1gina. En caso de reclamaciones u objeciones, p\u00f3ngase en contacto directamente","protected":false},"author":5,"featured_media":0,"parent":7046,"menu_order":1,"comment_status":"closed","ping_status":"closed","template":"page-templates\/page-layout.php","meta":{"_acf_changed":false,"footnotes":""},"class_list":["post post-type-page post-view- post-scope-","status-publish","clear"],"acf":[],"_links":{"self":[{"href":"https:\/\/www.olfasense.com\/es\/wp-json\/wp\/v2\/pages\/7030","targetHints":{"allow":["GET"]}}],"collection":[{"href":"https:\/\/www.olfasense.com\/es\/wp-json\/wp\/v2\/pages"}],"about":[{"href":"https:\/\/www.olfasense.com\/es\/wp-json\/wp\/v2\/types\/page"}],"author":[{"embeddable":true,"href":"https:\/\/www.olfasense.com\/es\/wp-json\/wp\/v2\/users\/5"}],"replies":[{"embeddable":true,"href":"https:\/\/www.olfasense.com\/es\/wp-json\/wp\/v2\/comments?post=7030"}],"version-history":[{"count":4,"href":"https:\/\/www.olfasense.com\/es\/wp-json\/wp\/v2\/pages\/7030\/revisions"}],"predecessor-version":[{"id":24762,"href":"https:\/\/www.olfasense.com\/es\/wp-json\/wp\/v2\/pages\/7030\/revisions\/24762"}],"up":[{"embeddable":true,"href":"https:\/\/www.olfasense.com\/es\/wp-json\/wp\/v2\/pages\/7046"}],"wp:attachment":[{"href":"https:\/\/www.olfasense.com\/es\/wp-json\/wp\/v2\/media?parent=7030"}],"curies":[{"name":"wp","href":"https:\/\/api.w.org\/{rel}","templated":true}]}}