{"id":7006,"date":"2019-06-04T17:37:15","date_gmt":"2019-06-04T15:37:15","guid":{"rendered":"https:\/\/www.olfasense.com\/product-testing\/"},"modified":"2023-01-20T12:07:09","modified_gmt":"2023-01-20T11:07:09","slug":"pruebas-de-productos","status":"publish","type":"page","link":"https:\/\/www.olfasense.com\/es\/pruebas-de-productos\/","title":{"rendered":"Pruebas de productos &#038; ensayos de materiales"},"content":{"rendered":"<p>Nuestros sentidos nos ayudan a decidir acerca de las propiedades deseables y menos deseables de productos y\u00a0materiales.<\/p>\n<p>Como laboratorio especializado en la determinaci\u00f3n de olores, Olfasense desarrolla, gestiona y proporciona conocimientos de nivel superior en t\u00e9cnicas de evaluaci\u00f3n sensorial y molecular, y su aplicaci\u00f3n en ensayos de productos y\u00a0materiales.<\/p>\n<p>Podemos evaluar c\u00f3mo su producto se percibe mediante el uso de paneles sensoriales entrenados o espont\u00e1neos. Mediante el an\u00e1lisis molecular, tambi\u00e9n podemos encontrar las razones de esta\u00a0percepci\u00f3n.<\/p>\n","protected":false},"excerpt":{"rendered":"Nuestros sentidos nos ayudan a decidir acerca de las propiedades deseables y menos deseables de productos y\u00a0materiales. Como laboratorio especializado en la determinaci\u00f3n de olores, Olfasense desarrolla, gestiona y proporciona conocimientos de nivel superior en t\u00e9cnicas de evaluaci\u00f3n sensorial y molecular, y su aplicaci\u00f3n en ensayos de productos y\u00a0materiales. Podemos evaluar c\u00f3mo su producto se","protected":false},"author":1,"featured_media":14277,"parent":0,"menu_order":3,"comment_status":"closed","ping_status":"closed","template":"page-templates\/page-layout-intro.php","meta":{"_acf_changed":false,"footnotes":""},"class_list":["post post-type-page post-view- post-scope-","status-publish","has-post-thumbnail","clear"],"acf":[],"_links":{"self":[{"href":"https:\/\/www.olfasense.com\/es\/wp-json\/wp\/v2\/pages\/7006","targetHints":{"allow":["GET"]}}],"collection":[{"href":"https:\/\/www.olfasense.com\/es\/wp-json\/wp\/v2\/pages"}],"about":[{"href":"https:\/\/www.olfasense.com\/es\/wp-json\/wp\/v2\/types\/page"}],"author":[{"embeddable":true,"href":"https:\/\/www.olfasense.com\/es\/wp-json\/wp\/v2\/users\/1"}],"replies":[{"embeddable":true,"href":"https:\/\/www.olfasense.com\/es\/wp-json\/wp\/v2\/comments?post=7006"}],"version-history":[{"count":4,"href":"https:\/\/www.olfasense.com\/es\/wp-json\/wp\/v2\/pages\/7006\/revisions"}],"predecessor-version":[{"id":21174,"href":"https:\/\/www.olfasense.com\/es\/wp-json\/wp\/v2\/pages\/7006\/revisions\/21174"}],"wp:featuredmedia":[{"embeddable":true,"href":"https:\/\/www.olfasense.com\/es\/wp-json\/wp\/v2\/media\/14277"}],"wp:attachment":[{"href":"https:\/\/www.olfasense.com\/es\/wp-json\/wp\/v2\/media?parent=7006"}],"curies":[{"name":"wp","href":"https:\/\/api.w.org\/{rel}","templated":true}]}}