{"id":6977,"date":"2019-06-04T17:37:46","date_gmt":"2019-06-04T15:37:46","guid":{"rendered":"https:\/\/www.olfasense.com\/environmental-odour-management\/"},"modified":"2023-01-20T10:56:57","modified_gmt":"2023-01-20T09:56:57","slug":"gestion-ambiental-de-olores","status":"publish","type":"page","link":"https:\/\/www.olfasense.com\/es\/gestion-ambiental-de-olores\/","title":{"rendered":"Gesti\u00f3n ambiental de olores"},"content":{"rendered":"<p>Olfasense posee un historial probado, con m\u00e1s de 30 a\u00f1os de experiencia, ofreciendo una gama completa de servicios para identificar, medir, evaluar y controlar las emisiones de\u00a0olor.<\/p>\n<p>La experiencia de Olfasense est\u00e1 relacionada con todas las actividades industriales y agroalimentarias que generan olores y que est\u00e1n generalmente asociadas con problemas comunitarios relacionados con estos\u00a0olores.<\/p>\n","protected":false},"excerpt":{"rendered":"Olfasense posee un historial probado, con m\u00e1s de 30 a\u00f1os de experiencia, ofreciendo una gama completa de servicios para identificar, medir, evaluar y controlar las emisiones de\u00a0olor. La experiencia de Olfasense est\u00e1 relacionada con todas las actividades industriales y agroalimentarias que generan olores y que est\u00e1n generalmente asociadas con problemas comunitarios relacionados con estos\u00a0olores.","protected":false},"author":1,"featured_media":14265,"parent":0,"menu_order":5,"comment_status":"closed","ping_status":"closed","template":"page-templates\/page-layout-intro.php","meta":{"_acf_changed":false,"footnotes":""},"class_list":["post post-type-page post-view- post-scope-","status-publish","has-post-thumbnail","clear"],"acf":[],"_links":{"self":[{"href":"https:\/\/www.olfasense.com\/es\/wp-json\/wp\/v2\/pages\/6977","targetHints":{"allow":["GET"]}}],"collection":[{"href":"https:\/\/www.olfasense.com\/es\/wp-json\/wp\/v2\/pages"}],"about":[{"href":"https:\/\/www.olfasense.com\/es\/wp-json\/wp\/v2\/types\/page"}],"author":[{"embeddable":true,"href":"https:\/\/www.olfasense.com\/es\/wp-json\/wp\/v2\/users\/1"}],"replies":[{"embeddable":true,"href":"https:\/\/www.olfasense.com\/es\/wp-json\/wp\/v2\/comments?post=6977"}],"version-history":[{"count":4,"href":"https:\/\/www.olfasense.com\/es\/wp-json\/wp\/v2\/pages\/6977\/revisions"}],"predecessor-version":[{"id":21165,"href":"https:\/\/www.olfasense.com\/es\/wp-json\/wp\/v2\/pages\/6977\/revisions\/21165"}],"wp:featuredmedia":[{"embeddable":true,"href":"https:\/\/www.olfasense.com\/es\/wp-json\/wp\/v2\/media\/14265"}],"wp:attachment":[{"href":"https:\/\/www.olfasense.com\/es\/wp-json\/wp\/v2\/media?parent=6977"}],"curies":[{"name":"wp","href":"https:\/\/api.w.org\/{rel}","templated":true}]}}