{"id":6969,"date":"2019-07-02T11:33:06","date_gmt":"2019-07-02T09:33:06","guid":{"rendered":"https:\/\/www.olfasense.com\/accreditations\/"},"modified":"2025-05-09T13:02:56","modified_gmt":"2025-05-09T11:02:56","slug":"acreditacion","status":"publish","type":"page","link":"https:\/\/www.olfasense.com\/es\/empresa\/acreditacion\/","title":{"rendered":"Acreditaciones"},"content":{"rendered":"<p class=\"first-paragraph\">Ofrecemos servicios acreditados con los m\u00e1s altos est\u00e1ndares de calidad<\/p>\n<p>Olfasense siempre ha ido en b\u00fasqueda de la innovaci\u00f3n, por ello, somos pioneros en la acreditaci\u00f3n de ensayos de olor seg\u00fan la norma ISO 17025, la norma principal y m\u00e1s importante para los laboratorios de calibraci\u00f3n y ensayo a nivel mundial. Obtuvimos nuestro primer certificado de acreditaci\u00f3n (ISO 17025) el 28 de septiembre de 1993 para nuestro laboratorio de \u00c1msterdam.<\/p>\n<p>En la actualidad, disponemos de cuatro laboratorios de ensayo acreditados para la olfatometr\u00eda de acuerdo con la norma europea EN 13725. Nuestras empresas ofrecen tanto servicios acreditados de muestreo de olores como de an\u00e1lisis de olores. Consulte m\u00e1s informaci\u00f3n sobre nuestros servicios acreditados a continuaci\u00f3n:<\/p>\n<p>&nbsp;<\/p>\n<ul>\n<li><strong>Nuestro laboratorio en Alemania con n\u00famero de<br \/>\nregistro DAkkS <a href=\"https:\/\/www.dakks.de\/files\/data\/as\/pdf\/D-PL-17433-01-00.pdf\">D-PL-17433-01-00<\/a><\/strong><\/li>\n<\/ul>\n<p><img decoding=\"async\" src=\"https:\/\/www.olfasense.com\/wp-content\/uploads\/2021\/02\/Olfasense-DAkkS-Accrediation-300x117.png\" alt=\"Olfasense DAkkS Accrediation\" class=\"alignright wp-image-15282 size-medium\" width=\"300\" height=\"117\" srcset=\"https:\/\/www.olfasense.com\/wp-content\/uploads\/2021\/02\/Olfasense-DAkkS-Accrediation-300x117.png 300w, https:\/\/www.olfasense.com\/wp-content\/uploads\/2021\/02\/Olfasense-DAkkS-Accrediation-1024x401.png 1024w, https:\/\/www.olfasense.com\/wp-content\/uploads\/2021\/02\/Olfasense-DAkkS-Accrediation-768x301.png 768w, https:\/\/www.olfasense.com\/wp-content\/uploads\/2021\/02\/Olfasense-DAkkS-Accrediation-1536x601.png 1536w, https:\/\/www.olfasense.com\/wp-content\/uploads\/2021\/02\/Olfasense-DAkkS-Accrediation-2048x802.png 2048w\" sizes=\"(max-width: 300px) 100vw, 300px\" \/><\/p>\n<p style=\"padding-left: 40px;\">Adem\u00e1s de los servicios acreditados de muestreo de olores y olfatometr\u00eda, el laboratorio alem\u00e1n est\u00e1 acreditado para la previsi\u00f3n del impacto de las inmisiones de acuerdo con la regulaci\u00f3n TA Luft y los m\u00e9todos de medici\u00f3n VDA 270, PV3900 y ISO 16000-28. Adem\u00e1s, el proceso de fabricaci\u00f3n y ensayo de las bolsas de muestreo de Nalophan tambi\u00e9n est\u00e1 acreditado bajo la norma ISO 17025.<\/p>\n<p>&nbsp;<\/p>\n<ul>\n<li><strong>Nuestro laboratorio en Pa\u00edses Bajos con n\u00famero de registro RvA <a href=\"https:\/\/www.rva.nl\/alle-geaccrediteerden\/l403\/\">L403<\/a><\/strong><img decoding=\"async\" src=\"https:\/\/www.olfasense.com\/wp-content\/uploads\/2021\/02\/Olfasense-RVA-Accrediation-300x117.png\" alt=\"Olfasense-RVA-Accrediation\" class=\"alignright wp-image-15320 size-medium\" width=\"300\" height=\"117\" srcset=\"https:\/\/www.olfasense.com\/wp-content\/uploads\/2021\/02\/Olfasense-RVA-Accrediation-300x117.png 300w, https:\/\/www.olfasense.com\/wp-content\/uploads\/2021\/02\/Olfasense-RVA-Accrediation-1024x399.png 1024w, https:\/\/www.olfasense.com\/wp-content\/uploads\/2021\/02\/Olfasense-RVA-Accrediation-768x299.png 768w, https:\/\/www.olfasense.com\/wp-content\/uploads\/2021\/02\/Olfasense-RVA-Accrediation-1536x599.png 1536w, https:\/\/www.olfasense.com\/wp-content\/uploads\/2021\/02\/Olfasense-RVA-Accrediation.png 2006w\" sizes=\"(max-width: 300px) 100vw, 300px\" \/><\/li>\n<\/ul>\n<p style=\"padding-left: 40px;\">El laboratorio holand\u00e9s est\u00e1 acreditado para los servicios de muestreo de olores y olfatometr\u00eda.<\/p>\n<p>&nbsp;<\/p>\n<ul>\n<li><strong>Nuestros dos laboratorios en Reino Unido con n\u00famero de registro UKAS <a href=\"https:\/\/www.ukas.com\/wp-content\/uploads\/schedule_uploads\/00002\/2430Testing-Multiple.pdf\">2430<\/a><\/strong><img decoding=\"async\" width=\"300\" height=\"117\" src=\"https:\/\/www.olfasense.com\/wp-content\/uploads\/2021\/02\/Olfasense-UKAS-Accrediation-300x117.png\" alt=\"Olfasense UKAS Accrediation\" class=\"alignright size-medium wp-image-15327\" srcset=\"https:\/\/www.olfasense.com\/wp-content\/uploads\/2021\/02\/Olfasense-UKAS-Accrediation-300x117.png 300w, https:\/\/www.olfasense.com\/wp-content\/uploads\/2021\/02\/Olfasense-UKAS-Accrediation-1024x399.png 1024w, https:\/\/www.olfasense.com\/wp-content\/uploads\/2021\/02\/Olfasense-UKAS-Accrediation-768x300.png 768w, https:\/\/www.olfasense.com\/wp-content\/uploads\/2021\/02\/Olfasense-UKAS-Accrediation-1536x599.png 1536w, https:\/\/www.olfasense.com\/wp-content\/uploads\/2021\/02\/Olfasense-UKAS-Accrediation.png 2000w\" sizes=\"(max-width: 300px) 100vw, 300px\" \/><\/li>\n<\/ul>\n<p style=\"padding-left: 40px;\">Adem\u00e1s de los servicios de muestreo de olores y olfatometr\u00eda, los laboratorios de Reino Unido cuentan con la acreditaci\u00f3n MCERTS para realizar pruebas de olores, amon\u00edaco, sulfuro de hidr\u00f3geno y bioaerosiones.<\/p>\n<p>&nbsp;<\/p>\n<ul>\n<li><strong>Nuestro organismo de ensayo de aptitud con n\u00famero de registro DAkkS <a href=\"https:\/\/www.olfasense.com\/wp-content\/uploads\/2024\/10\/D-EP-17433-01-00_2022_20.05.2022-EN.pdf\">D-EP-17433-01-00<\/a><\/strong><\/li>\n<\/ul>\n<p><img decoding=\"async\" src=\"https:\/\/www.olfasense.com\/wp-content\/uploads\/2021\/02\/Olfasense-DAkkS-Accrediation-EP-300x166.png\" alt=\"\" class=\"alignright wp-image-15343\" width=\"211\" height=\"117\" srcset=\"https:\/\/www.olfasense.com\/wp-content\/uploads\/2021\/02\/Olfasense-DAkkS-Accrediation-EP-300x166.png 300w, https:\/\/www.olfasense.com\/wp-content\/uploads\/2021\/02\/Olfasense-DAkkS-Accrediation-EP-1024x567.png 1024w, https:\/\/www.olfasense.com\/wp-content\/uploads\/2021\/02\/Olfasense-DAkkS-Accrediation-EP-768x426.png 768w, https:\/\/www.olfasense.com\/wp-content\/uploads\/2021\/02\/Olfasense-DAkkS-Accrediation-EP-1536x851.png 1536w, https:\/\/www.olfasense.com\/wp-content\/uploads\/2021\/02\/Olfasense-DAkkS-Accrediation-EP-2048x1135.png 2048w\" sizes=\"(max-width: 211px) 100vw, 211px\" \/><\/p>\n<p style=\"padding-left: 40px;\">Olfasense tambi\u00e9n est\u00e1 acreditado para realizar ensayos de aptitud para los m\u00e9todos de medici\u00f3n EN 13725 y VDA 270 seg\u00fan la norma ISO 17043.<\/p>\n<p>&nbsp;<\/p>\n","protected":false},"excerpt":{"rendered":"Ofrecemos servicios acreditados con los m\u00e1s altos est\u00e1ndares de calidad Olfasense siempre ha ido en b\u00fasqueda de la innovaci\u00f3n, por ello, somos pioneros en la acreditaci\u00f3n de ensayos de olor seg\u00fan la norma ISO 17025, la norma principal y m\u00e1s importante para los laboratorios de calibraci\u00f3n y ensayo a nivel mundial. Obtuvimos nuestro primer certificado","protected":false},"author":1,"featured_media":0,"parent":7158,"menu_order":3,"comment_status":"closed","ping_status":"closed","template":"page-templates\/page-layout.php","meta":{"_acf_changed":false,"footnotes":""},"class_list":["post post-type-page post-view- post-scope-","status-publish","clear"],"acf":[],"_links":{"self":[{"href":"https:\/\/www.olfasense.com\/es\/wp-json\/wp\/v2\/pages\/6969","targetHints":{"allow":["GET"]}}],"collection":[{"href":"https:\/\/www.olfasense.com\/es\/wp-json\/wp\/v2\/pages"}],"about":[{"href":"https:\/\/www.olfasense.com\/es\/wp-json\/wp\/v2\/types\/page"}],"author":[{"embeddable":true,"href":"https:\/\/www.olfasense.com\/es\/wp-json\/wp\/v2\/users\/1"}],"replies":[{"embeddable":true,"href":"https:\/\/www.olfasense.com\/es\/wp-json\/wp\/v2\/comments?post=6969"}],"version-history":[{"count":3,"href":"https:\/\/www.olfasense.com\/es\/wp-json\/wp\/v2\/pages\/6969\/revisions"}],"predecessor-version":[{"id":25010,"href":"https:\/\/www.olfasense.com\/es\/wp-json\/wp\/v2\/pages\/6969\/revisions\/25010"}],"up":[{"embeddable":true,"href":"https:\/\/www.olfasense.com\/es\/wp-json\/wp\/v2\/pages\/7158"}],"wp:attachment":[{"href":"https:\/\/www.olfasense.com\/es\/wp-json\/wp\/v2\/media?parent=6969"}],"curies":[{"name":"wp","href":"https:\/\/api.w.org\/{rel}","templated":true}]}}