{"id":6959,"date":"2019-06-27T14:52:36","date_gmt":"2019-06-27T12:52:36","guid":{"rendered":"https:\/\/www.olfasense.com\/additional-odour-services\/"},"modified":"2019-11-21T16:36:04","modified_gmt":"2019-11-21T15:36:04","slug":"servicios-adicionales","status":"publish","type":"page","link":"https:\/\/www.olfasense.com\/es\/gestion-ambiental-de-olores\/servicios-adicionales\/","title":{"rendered":"Ofrecemos mucho m\u00e1s"},"content":{"rendered":"<p>Habitualmente asistimos a nuestros clientes con un amplio n\u00famero de estudios complementarios de gesti\u00f3n de olores ambientales.<\/p>\n","protected":false},"excerpt":{"rendered":"Habitualmente asistimos a nuestros clientes con un amplio n\u00famero de estudios complementarios de gesti\u00f3n de olores ambientales.","protected":false},"author":5,"featured_media":0,"parent":6977,"menu_order":2,"comment_status":"closed","ping_status":"closed","template":"page-templates\/page-layout.php","meta":{"_acf_changed":false,"footnotes":""},"class_list":["post post-type-page post-view- post-scope-","status-publish","clear"],"acf":[],"_links":{"self":[{"href":"https:\/\/www.olfasense.com\/es\/wp-json\/wp\/v2\/pages\/6959","targetHints":{"allow":["GET"]}}],"collection":[{"href":"https:\/\/www.olfasense.com\/es\/wp-json\/wp\/v2\/pages"}],"about":[{"href":"https:\/\/www.olfasense.com\/es\/wp-json\/wp\/v2\/types\/page"}],"author":[{"embeddable":true,"href":"https:\/\/www.olfasense.com\/es\/wp-json\/wp\/v2\/users\/5"}],"replies":[{"embeddable":true,"href":"https:\/\/www.olfasense.com\/es\/wp-json\/wp\/v2\/comments?post=6959"}],"version-history":[{"count":2,"href":"https:\/\/www.olfasense.com\/es\/wp-json\/wp\/v2\/pages\/6959\/revisions"}],"predecessor-version":[{"id":9106,"href":"https:\/\/www.olfasense.com\/es\/wp-json\/wp\/v2\/pages\/6959\/revisions\/9106"}],"up":[{"embeddable":true,"href":"https:\/\/www.olfasense.com\/es\/wp-json\/wp\/v2\/pages\/6977"}],"wp:attachment":[{"href":"https:\/\/www.olfasense.com\/es\/wp-json\/wp\/v2\/media?parent=6959"}],"curies":[{"name":"wp","href":"https:\/\/api.w.org\/{rel}","templated":true}]}}