{"id":6553,"date":"2019-07-25T12:20:43","date_gmt":"2019-07-25T10:20:43","guid":{"rendered":"https:\/\/www.olfasense.com\/success\/"},"modified":"2019-08-13T12:11:25","modified_gmt":"2019-08-13T10:11:25","slug":"success","status":"publish","type":"page","link":"https:\/\/www.olfasense.com\/es\/download\/success\/","title":{"rendered":"Descarga exitosa"},"content":{"rendered":"<p>Gracias por enviar el formulario.<\/p>\n<p>Puede descargar el archivo a trav\u00e9s del siguiente enlace:<br \/>\n<div class=\"card em error\">We couldn't track the desired download, please try again. NO_ID_HASH<\/div>\n<p>Tambi\u00e9n hemos enviado un correo electr\u00f3nico con el enlace de descarga a la direcci\u00f3n de correo electr\u00f3nico proporcionada. Si el correo electr\u00f3nico no ha llegado dentro de 15 minutos, por favor revise su carpeta de correo spam para localizarlo.<\/p>\n","protected":false},"excerpt":{"rendered":"Gracias por enviar el formulario. Puede descargar el archivo a trav\u00e9s del siguiente enlace: Tambi\u00e9n hemos enviado un correo electr\u00f3nico con el enlace de descarga a la direcci\u00f3n de correo electr\u00f3nico proporcionada. Si el correo electr\u00f3nico no ha llegado dentro de 15 minutos, por favor revise su carpeta de correo spam para localizarlo.","protected":false},"author":1,"featured_media":0,"parent":7403,"menu_order":0,"comment_status":"closed","ping_status":"closed","template":"","meta":{"_acf_changed":false,"footnotes":""},"class_list":["post post-type-page post-view- post-scope-","status-publish","clear"],"acf":[],"_links":{"self":[{"href":"https:\/\/www.olfasense.com\/es\/wp-json\/wp\/v2\/pages\/6553","targetHints":{"allow":["GET"]}}],"collection":[{"href":"https:\/\/www.olfasense.com\/es\/wp-json\/wp\/v2\/pages"}],"about":[{"href":"https:\/\/www.olfasense.com\/es\/wp-json\/wp\/v2\/types\/page"}],"author":[{"embeddable":true,"href":"https:\/\/www.olfasense.com\/es\/wp-json\/wp\/v2\/users\/1"}],"replies":[{"embeddable":true,"href":"https:\/\/www.olfasense.com\/es\/wp-json\/wp\/v2\/comments?post=6553"}],"version-history":[{"count":3,"href":"https:\/\/www.olfasense.com\/es\/wp-json\/wp\/v2\/pages\/6553\/revisions"}],"predecessor-version":[{"id":7410,"href":"https:\/\/www.olfasense.com\/es\/wp-json\/wp\/v2\/pages\/6553\/revisions\/7410"}],"up":[{"embeddable":true,"href":"https:\/\/www.olfasense.com\/es\/wp-json\/wp\/v2\/pages\/7403"}],"wp:attachment":[{"href":"https:\/\/www.olfasense.com\/es\/wp-json\/wp\/v2\/media?parent=6553"}],"curies":[{"name":"wp","href":"https:\/\/api.w.org\/{rel}","templated":true}]}}