{"id":6544,"date":"2019-07-25T16:57:34","date_gmt":"2019-07-25T14:57:34","guid":{"rendered":"https:\/\/www.olfasense.com\/noseletter-subscription\/"},"modified":"2020-07-16T13:35:09","modified_gmt":"2020-07-16T11:35:09","slug":"noseletter-subscription","status":"publish","type":"page","link":"https:\/\/www.olfasense.com\/es\/noseletter-subscription\/","title":{"rendered":"Noseletter \u2013 Suscripci\u00f3n"},"content":{"rendered":"<p>Gracias por su inter\u00e9s en el Olfasense Noseletter, cuyo objetivo es informar sobre los eventos y las noticias del mundo de los olores y de nuestra empresa. Puede suscribirse m\u00e1s abajo. Tras haber realizado su suscripci\u00f3n, le a\u00f1adiremos a nuestra lista de direcciones de correo electr\u00f3nico para que pueda estar siempre informado de las novedades m\u00e1s recientes relativas a la gesti\u00f3n de los olores.<\/p>\n<p>Al suscribirse, tambi\u00e9n debe indicar que ha le\u00eddo, entendido y que est\u00e1 de acuerdo con nuestras <a href=\"https:\/\/www.olfasense.com\/newsletter-subscription\/noseletter-conditions-of-subscription\/\">Condiciones de suscripci\u00f3n<\/a> y con la <a href=\"https:\/\/www.olfasense.com\/privacy\/\">Declaraci\u00f3n de privacidad de datos<\/a>, incluida en estas condiciones. Le enviaremos un email tras haber realizado su suscripci\u00f3n. Por favor, confirme su suscripci\u00f3n haciendo clic en el enlace del email.<\/p>\n<p>Si no desea recibir nuestra newsletter, puede eliminarse de nuestra lista de correo en cualquier momento. Solo tiene que hacer clic en el enlace <em>Cancelar la suscripci\u00f3n<\/em>, que se encuentra al pie de cualquier noseletter.<\/p>\n","protected":false},"excerpt":{"rendered":"Gracias por su inter\u00e9s en el Olfasense Noseletter, cuyo objetivo es informar sobre los eventos y las noticias del mundo de los olores y de nuestra empresa. Puede suscribirse m\u00e1s abajo. Tras haber realizado su suscripci\u00f3n, le a\u00f1adiremos a nuestra lista de direcciones de correo electr\u00f3nico para que pueda estar siempre informado de las novedades","protected":false},"author":1,"featured_media":0,"parent":0,"menu_order":0,"comment_status":"closed","ping_status":"closed","template":"page-templates\/page-layout.php","meta":{"_acf_changed":false,"footnotes":""},"class_list":["post post-type-page post-view- post-scope-","status-publish","clear"],"acf":[],"_links":{"self":[{"href":"https:\/\/www.olfasense.com\/es\/wp-json\/wp\/v2\/pages\/6544","targetHints":{"allow":["GET"]}}],"collection":[{"href":"https:\/\/www.olfasense.com\/es\/wp-json\/wp\/v2\/pages"}],"about":[{"href":"https:\/\/www.olfasense.com\/es\/wp-json\/wp\/v2\/types\/page"}],"author":[{"embeddable":true,"href":"https:\/\/www.olfasense.com\/es\/wp-json\/wp\/v2\/users\/1"}],"replies":[{"embeddable":true,"href":"https:\/\/www.olfasense.com\/es\/wp-json\/wp\/v2\/comments?post=6544"}],"version-history":[{"count":4,"href":"https:\/\/www.olfasense.com\/es\/wp-json\/wp\/v2\/pages\/6544\/revisions"}],"predecessor-version":[{"id":12204,"href":"https:\/\/www.olfasense.com\/es\/wp-json\/wp\/v2\/pages\/6544\/revisions\/12204"}],"wp:attachment":[{"href":"https:\/\/www.olfasense.com\/es\/wp-json\/wp\/v2\/media?parent=6544"}],"curies":[{"name":"wp","href":"https:\/\/api.w.org\/{rel}","templated":true}]}}