{"id":3712,"date":"2019-06-03T15:11:36","date_gmt":"2019-06-03T13:11:36","guid":{"rendered":"https:\/\/www.olfasense.com\/olfasense\/"},"modified":"2021-02-25T11:42:55","modified_gmt":"2021-02-25T10:42:55","slug":"olfasense","status":"publish","type":"page","link":"https:\/\/www.olfasense.com\/es\/","title":{"rendered":"Olfasense"},"content":{"rendered":"<h2>From Odour Data to Odour Knowledge<\/h2>\n<p class=\"first-paragraph\">Olfasense es un l\u00edder mundial en la gesti\u00f3n de olores apoyando a la industria a controlar los olores ambientales y evaluar los productos comerciales usando t\u00e9cnicas de an\u00e1lisis sensorial y molecular. Hemos realizado miles de estudios individuales de olores en Europa, Am\u00e9rica Latina, Am\u00e9rica del Norte y Asia. Adem\u00e1s, nuestra tecnolog\u00eda es utilizada por m\u00e1s de 400 laboratorios, institutos de investigaci\u00f3n, universidades y empresas en todo el mundo.<\/p>\n","protected":false},"excerpt":{"rendered":"From Odour Data to Odour Knowledge Olfasense es un l\u00edder mundial en la gesti\u00f3n de olores apoyando a la industria a controlar los olores ambientales y evaluar los productos comerciales usando t\u00e9cnicas de an\u00e1lisis sensorial y molecular. Hemos realizado miles de estudios individuales de olores en Europa, Am\u00e9rica Latina, Am\u00e9rica del Norte y Asia. Adem\u00e1s,","protected":false},"author":1,"featured_media":0,"parent":0,"menu_order":1,"comment_status":"closed","ping_status":"closed","template":"page-templates\/page-front.php","meta":{"_acf_changed":false,"footnotes":""},"class_list":["post post-type-page post-view- post-scope-","status-publish","clear"],"acf":[],"_links":{"self":[{"href":"https:\/\/www.olfasense.com\/es\/wp-json\/wp\/v2\/pages\/3712","targetHints":{"allow":["GET"]}}],"collection":[{"href":"https:\/\/www.olfasense.com\/es\/wp-json\/wp\/v2\/pages"}],"about":[{"href":"https:\/\/www.olfasense.com\/es\/wp-json\/wp\/v2\/types\/page"}],"author":[{"embeddable":true,"href":"https:\/\/www.olfasense.com\/es\/wp-json\/wp\/v2\/users\/1"}],"replies":[{"embeddable":true,"href":"https:\/\/www.olfasense.com\/es\/wp-json\/wp\/v2\/comments?post=3712"}],"version-history":[{"count":4,"href":"https:\/\/www.olfasense.com\/es\/wp-json\/wp\/v2\/pages\/3712\/revisions"}],"predecessor-version":[{"id":15635,"href":"https:\/\/www.olfasense.com\/es\/wp-json\/wp\/v2\/pages\/3712\/revisions\/15635"}],"wp:attachment":[{"href":"https:\/\/www.olfasense.com\/es\/wp-json\/wp\/v2\/media?parent=3712"}],"curies":[{"name":"wp","href":"https:\/\/api.w.org\/{rel}","templated":true}]}}