{"id":19854,"date":"2022-03-17T21:54:16","date_gmt":"2022-03-17T20:54:16","guid":{"rendered":"https:\/\/www.olfasense.com\/pruebas-de-productos\/desarrollar-estudios-de-olores\/automotive-testing\/"},"modified":"2022-07-04T10:42:19","modified_gmt":"2022-07-04T08:42:19","slug":"automotriz","status":"publish","type":"page","link":"https:\/\/www.olfasense.com\/es\/pruebas-de-productos\/desarrollar-estudios-de-olores\/automotriz\/","title":{"rendered":"Pruebas en la industria automotriz seg\u00fan las normas comunes"},"content":{"rendered":"<p><span>Las empresas automovil\u00edsticas, sus fabricantes de equipos originales y los proveedores de piezas tienen la responsabilidad constante de limitar la posible exposici\u00f3n de los pasajeros a los compuestos org\u00e1nicos vol\u00e1tiles (COV).<\/span><\/p>\n<p><span>Si se dedica a la fabricaci\u00f3n de habit\u00e1culos para interiores de veh\u00edculos, querr\u00e1 asegurarse de que sus productos y materiales cumplan con las normas de emisi\u00f3n espec\u00edficas que se definen en las normas comunes europeas e internacionales, as\u00ed como con las normas espec\u00edficas de los fabricantes.<\/span><\/p>\n<p><span>Olfasense es su laboratorio de pruebas acreditado para determinar el contenido de los COV y el olor de los materiales que componen el interior de su veh\u00edculo. Para satisfacer sus necesidades, le ofrecemos nuestra experiencia en la realizaci\u00f3n de pruebas en c\u00e1mara, donde se podr\u00e1n analizar revestimientos, pl\u00e1sticos, vinilos, tejidos y pieles, y mucho m\u00e1s.<\/span><\/p>\n","protected":false},"excerpt":{"rendered":"Las empresas automovil\u00edsticas, sus fabricantes de equipos originales y los proveedores de piezas tienen la responsabilidad constante de limitar la posible exposici\u00f3n de los pasajeros a los compuestos org\u00e1nicos vol\u00e1tiles (COV). Si se dedica a la fabricaci\u00f3n de habit\u00e1culos para interiores de veh\u00edculos, querr\u00e1 asegurarse de que sus productos y materiales cumplan con las normas","protected":false},"author":5,"featured_media":0,"parent":6996,"menu_order":0,"comment_status":"closed","ping_status":"closed","template":"page-templates\/page-layout.php","meta":{"_acf_changed":false,"footnotes":""},"class_list":["post post-type-page post-view- post-scope-","status-publish","clear"],"acf":[],"_links":{"self":[{"href":"https:\/\/www.olfasense.com\/es\/wp-json\/wp\/v2\/pages\/19854","targetHints":{"allow":["GET"]}}],"collection":[{"href":"https:\/\/www.olfasense.com\/es\/wp-json\/wp\/v2\/pages"}],"about":[{"href":"https:\/\/www.olfasense.com\/es\/wp-json\/wp\/v2\/types\/page"}],"author":[{"embeddable":true,"href":"https:\/\/www.olfasense.com\/es\/wp-json\/wp\/v2\/users\/5"}],"replies":[{"embeddable":true,"href":"https:\/\/www.olfasense.com\/es\/wp-json\/wp\/v2\/comments?post=19854"}],"version-history":[{"count":2,"href":"https:\/\/www.olfasense.com\/es\/wp-json\/wp\/v2\/pages\/19854\/revisions"}],"predecessor-version":[{"id":19856,"href":"https:\/\/www.olfasense.com\/es\/wp-json\/wp\/v2\/pages\/19854\/revisions\/19856"}],"up":[{"embeddable":true,"href":"https:\/\/www.olfasense.com\/es\/wp-json\/wp\/v2\/pages\/6996"}],"wp:attachment":[{"href":"https:\/\/www.olfasense.com\/es\/wp-json\/wp\/v2\/media?parent=19854"}],"curies":[{"name":"wp","href":"https:\/\/api.w.org\/{rel}","templated":true}]}}