{"id":15615,"date":"2021-02-25T11:16:07","date_gmt":"2021-02-25T10:16:07","guid":{"rendered":"https:\/\/www.olfasense.com\/?page_id=15615"},"modified":"2021-02-25T11:17:30","modified_gmt":"2021-02-25T10:17:30","slug":"sello-de-calidad-de-olores","status":"publish","type":"page","link":"https:\/\/www.olfasense.com\/es\/pruebas-de-productos\/sello-de-calidad-de-olores\/","title":{"rendered":"Sello de calidad de olores Olfasense"},"content":{"rendered":"<h3>El sello de calidad de olores de Olfasense permite a los fabricantes demostrar el rendimiento olfativo de sus productos.<\/h3>\n<p>El sello de calidad de olores de Olfasense, junto con tests de garant\u00eda de calidad permanente, les permite a los fabricantes destacar las propiedades olfativas \u00fanicas o particulares de sus productos mediante la confirmaci\u00f3n de un organismo independiente. De este modo, los consumidores se ven respaldados en su decisi\u00f3n de compra al poder confiar en el juicio independiente de un experto neutral.<\/p>\n<p>A continuaci\u00f3n, encontrar\u00e1 los criterios de concesi\u00f3n de los diferentes sellos de calidad de Olfasense. P\u00f3ngase en contacto con nosotros hoy mismo para dise\u00f1ar la prueba adecuada para sus productos.<\/p>\n","protected":false},"excerpt":{"rendered":"El sello de calidad de olores de Olfasense permite a los fabricantes demostrar el rendimiento olfativo de sus productos. El sello de calidad de olores de Olfasense, junto con tests de garant\u00eda de calidad permanente, les permite a los fabricantes destacar las propiedades olfativas \u00fanicas o particulares de sus productos mediante la confirmaci\u00f3n de un","protected":false},"author":5,"featured_media":0,"parent":7006,"menu_order":0,"comment_status":"closed","ping_status":"closed","template":"page-templates\/page-layout.php","meta":{"_acf_changed":false,"footnotes":""},"class_list":["post post-type-page post-view- post-scope-","status-publish","clear"],"acf":[],"_links":{"self":[{"href":"https:\/\/www.olfasense.com\/es\/wp-json\/wp\/v2\/pages\/15615","targetHints":{"allow":["GET"]}}],"collection":[{"href":"https:\/\/www.olfasense.com\/es\/wp-json\/wp\/v2\/pages"}],"about":[{"href":"https:\/\/www.olfasense.com\/es\/wp-json\/wp\/v2\/types\/page"}],"author":[{"embeddable":true,"href":"https:\/\/www.olfasense.com\/es\/wp-json\/wp\/v2\/users\/5"}],"replies":[{"embeddable":true,"href":"https:\/\/www.olfasense.com\/es\/wp-json\/wp\/v2\/comments?post=15615"}],"version-history":[{"count":2,"href":"https:\/\/www.olfasense.com\/es\/wp-json\/wp\/v2\/pages\/15615\/revisions"}],"predecessor-version":[{"id":15617,"href":"https:\/\/www.olfasense.com\/es\/wp-json\/wp\/v2\/pages\/15615\/revisions\/15617"}],"up":[{"embeddable":true,"href":"https:\/\/www.olfasense.com\/es\/wp-json\/wp\/v2\/pages\/7006"}],"wp:attachment":[{"href":"https:\/\/www.olfasense.com\/es\/wp-json\/wp\/v2\/media?parent=15615"}],"curies":[{"name":"wp","href":"https:\/\/api.w.org\/{rel}","templated":true}]}}