{"id":10847,"date":"2020-04-29T15:02:40","date_gmt":"2020-04-29T13:02:40","guid":{"rendered":"https:\/\/www.olfasense.com\/?page_id=10847"},"modified":"2022-06-24T11:01:29","modified_gmt":"2022-06-24T09:01:29","slug":"seminarios-online-olores","status":"publish","type":"page","link":"https:\/\/www.olfasense.com\/es\/seminarios-online-olores\/","title":{"rendered":"Seminarios online sobre olores"},"content":{"rendered":"<p class=\"first-paragraph\">\u00bfLe gustar\u00eda mantenerse informado sobre las novedades y las t\u00e9cnicas relacionadas con la evaluaci\u00f3n y caracterizaci\u00f3n de los olores de sus productos? Entonces querr\u00e1 tener los conocimientos especializados de Olfasense a su alcance.<\/p>\n<p>En los seminarios online sobre olores gratuitos de Olfasense, nuestros expertos proporcionan de forma r\u00e1pida y concisa una visi\u00f3n general de las tecnolog\u00edas punteras de muestreo y medici\u00f3n de olores, tanto sensoriales como moleculares, enfocadas a su sector industrial espec\u00edfico.<\/p>\n<p>Nuestros seminarios online sobre olores est\u00e1n disponibles bajo pedido, para que pueda disfrutar de la flexibilidad y libertad de verlos cuando lo desee, desde cualquier parte del mundo.<\/p>\n<p>Si desea profundizar sus conocimientos en cualquiera de los temas cubiertos, p\u00f3ngase en contacto con nosotros a trav\u00e9s de <a href=\"mailto:webinar@olfasense.com\">webinar@olfasense.com<\/a>. Podemos ofrecerle cursos online y\/o presenciales hechos a medida de capacitaci\u00f3n sobre las t\u00e9cnicas estado-del-arte de medici\u00f3n olores, en los que no s\u00f3lo tendr\u00e1 la oportunidad de aprender de los expertos, sino tambi\u00e9n recibir\u00e1 consejos invaluables y personalizados sobre como optimizar sus productos en t\u00e9rminos olfativos\/sensoriales.<\/p>\n","protected":false},"excerpt":{"rendered":"\u00bfLe gustar\u00eda mantenerse informado sobre las novedades y las t\u00e9cnicas relacionadas con la evaluaci\u00f3n y caracterizaci\u00f3n de los olores de sus productos? Entonces querr\u00e1 tener los conocimientos especializados de Olfasense a su alcance. En los seminarios online sobre olores gratuitos de Olfasense, nuestros expertos proporcionan de forma r\u00e1pida y concisa una visi\u00f3n general de las","protected":false},"author":5,"featured_media":0,"parent":0,"menu_order":0,"comment_status":"closed","ping_status":"closed","template":"page-templates\/page-layout.php","meta":{"_acf_changed":false,"footnotes":""},"class_list":["post post-type-page post-view- post-scope-","status-publish","clear"],"acf":[],"_links":{"self":[{"href":"https:\/\/www.olfasense.com\/es\/wp-json\/wp\/v2\/pages\/10847","targetHints":{"allow":["GET"]}}],"collection":[{"href":"https:\/\/www.olfasense.com\/es\/wp-json\/wp\/v2\/pages"}],"about":[{"href":"https:\/\/www.olfasense.com\/es\/wp-json\/wp\/v2\/types\/page"}],"author":[{"embeddable":true,"href":"https:\/\/www.olfasense.com\/es\/wp-json\/wp\/v2\/users\/5"}],"replies":[{"embeddable":true,"href":"https:\/\/www.olfasense.com\/es\/wp-json\/wp\/v2\/comments?post=10847"}],"version-history":[{"count":4,"href":"https:\/\/www.olfasense.com\/es\/wp-json\/wp\/v2\/pages\/10847\/revisions"}],"predecessor-version":[{"id":19599,"href":"https:\/\/www.olfasense.com\/es\/wp-json\/wp\/v2\/pages\/10847\/revisions\/19599"}],"wp:attachment":[{"href":"https:\/\/www.olfasense.com\/es\/wp-json\/wp\/v2\/media?parent=10847"}],"curies":[{"name":"wp","href":"https:\/\/api.w.org\/{rel}","templated":true}]}}