{"id":6551,"date":"2019-07-25T12:20:43","date_gmt":"2019-07-25T10:20:43","guid":{"rendered":"https:\/\/www.olfasense.com\/download\/success\/"},"modified":"2019-07-26T14:05:07","modified_gmt":"2019-07-26T12:05:07","slug":"erfolg","status":"publish","type":"page","link":"https:\/\/www.olfasense.com\/de\/download\/erfolg\/","title":{"rendered":"Erfolgreicher Download"},"content":{"rendered":"<p>Vielen Dank f\u00fcr das Absenden des Formulars.<\/p>\n<p>Sie k\u00f6nnen das File \u00fcber den folgenden Link herunterladen:<\/p>\n<div class=\"card em error\">We couldn't track the desired download, please try again. NO_ID_HASH<\/div>\n<p>Wir haben auch eine E-Mail mit dem Download-Link an die angegebene E-Mail-Adresse gesendet. Wenn die E-Mail nicht innerhalb von 15 Minuten eingegangen ist, \u00fcberpr\u00fcfen Sie bitte Ihren Spam-Ordner.<\/p>\n","protected":false},"excerpt":{"rendered":"Vielen Dank f\u00fcr das Absenden des Formulars. Sie k\u00f6nnen das File \u00fcber den folgenden Link herunterladen: Wir haben auch eine E-Mail mit dem Download-Link an die angegebene E-Mail-Adresse gesendet. Wenn die E-Mail nicht innerhalb von 15 Minuten eingegangen ist, \u00fcberpr\u00fcfen Sie bitte Ihren Spam-Ordner.","protected":false},"author":1,"featured_media":0,"parent":6517,"menu_order":0,"comment_status":"closed","ping_status":"closed","template":"","meta":{"_acf_changed":false,"footnotes":""},"class_list":["post post-type-page post-view- post-scope-","status-publish","clear"],"acf":[],"_links":{"self":[{"href":"https:\/\/www.olfasense.com\/de\/wp-json\/wp\/v2\/pages\/6551","targetHints":{"allow":["GET"]}}],"collection":[{"href":"https:\/\/www.olfasense.com\/de\/wp-json\/wp\/v2\/pages"}],"about":[{"href":"https:\/\/www.olfasense.com\/de\/wp-json\/wp\/v2\/types\/page"}],"author":[{"embeddable":true,"href":"https:\/\/www.olfasense.com\/de\/wp-json\/wp\/v2\/users\/1"}],"replies":[{"embeddable":true,"href":"https:\/\/www.olfasense.com\/de\/wp-json\/wp\/v2\/comments?post=6551"}],"version-history":[{"count":3,"href":"https:\/\/www.olfasense.com\/de\/wp-json\/wp\/v2\/pages\/6551\/revisions"}],"predecessor-version":[{"id":6562,"href":"https:\/\/www.olfasense.com\/de\/wp-json\/wp\/v2\/pages\/6551\/revisions\/6562"}],"up":[{"embeddable":true,"href":"https:\/\/www.olfasense.com\/de\/wp-json\/wp\/v2\/pages\/6517"}],"wp:attachment":[{"href":"https:\/\/www.olfasense.com\/de\/wp-json\/wp\/v2\/media?parent=6551"}],"curies":[{"name":"wp","href":"https:\/\/api.w.org\/{rel}","templated":true}]}}