{"id":6497,"date":"2019-07-25T17:32:09","date_gmt":"2019-07-25T15:32:09","guid":{"rendered":"https:\/\/www.olfasense.com\/noseletter-subscription\/noseletter-conditions-of-subscription\/"},"modified":"2019-07-26T10:21:51","modified_gmt":"2019-07-26T08:21:51","slug":"noseletter-nutzungsbedingen","status":"publish","type":"page","link":"https:\/\/www.olfasense.com\/de\/noseletter-anmeldung\/noseletter-nutzungsbedingen\/","title":{"rendered":"Noseletter &#8211; Nutzungsbedingen"},"content":{"rendered":"<p class=\"first-paragraph\">Vielen Dank f\u00fcr Ihr Interesse am Olfasense Noseletter, der sie \u00fcber aktuelle Ereignisse und Termine in der Geruchswelt und in unserem Unternehmen\u00a0informiert.<\/p>\n<p>Dazu geh\u00f6ren Informationen\u00a0zu:<\/p>\n<ul>\n<li>neuen Olfasense Produkten und Dienstleistungen<\/li>\n<li>Veranstaltungen, wie die j\u00e4hrlichen Olfasense Workshops<\/li>\n<li>aber auch Einladungen zu Ringversuchen<\/li>\n<li>und andere Nachrichten, die Olfasense betreffen<\/li>\n<\/ul>\n<p>Mit der Bet\u00e4tigung des \u201eAnmelden\u201c-Buttons erteilen Sie Ihre Zustimmung dazu, dass wir unseren kostenlosen Newsletter an die angegebene E-Mail- Adresse versenden und die weiteren eingegebenen Daten hierf\u00fcr nutzen. Durch die Anmeldung wird eine E-Mail mit einem Best\u00e4tigungslink an die angegebene Adresse versendet. Erst mit der Best\u00e4tigung der Anmeldung durch Klick auf den Best\u00e4tigungsklink wird die Anmeldung wirksam. Da wir in der Lage sein m\u00fcssen, nachzuweisen, dass wir Ihre EMail-Adresse per Double-Opt-in verifiziert haben, wird der Zeitpunkt der Anmeldung und Ihre IP-Adresse bei der Anmeldung dauerhaft\u00a0gespeichert.<\/p>\n<p>Eine Abmeldung ist jederzeit durch einen Link am Ende jeder Newsletter-E- Mail\u00a0m\u00f6glich.<\/p>\n<p>Wir nutzen f\u00fcr die Produktion und den Versand unseres Newsletters das Programm \u201eCleverReach\u201c des deutschen Anbieters CleverReach GmbH &amp; Co. KG (<a href=\"http:\/\/www.cleverreach.com\/de\" class=\"ext\">www.cleverreach.com\/de<span class=\"ext\" aria-label=\"(Link ist extern)\"><\/span><\/a>). Daf\u00fcr ist es notwendig, die f\u00fcr den Newsletter erfassten Daten auf die DSGVO-konformen Server von CleverReach zu \u00fcbertragen, die in der EU\u00a0stehen.<\/p>\n<p>Weitere und ausf\u00fchrlichere Erl\u00e4uterungen zu Art und Umfang der Verarbeitung Ihrer personenbezogenen Daten finden Sie in unserer<span>\u00a0<\/span><strong><a href=\"https:\/\/www.olfasense.com\/de\/datenschutz\/\">Erkl\u00e4rung zum Datenschutz<\/a>,<\/strong>deren Kenntnisnahme Sie mit der Anmeldung ebenfalls\u00a0best\u00e4tigen.<\/p>\n","protected":false},"excerpt":{"rendered":"Vielen Dank f\u00fcr Ihr Interesse am Olfasense Noseletter, der sie \u00fcber aktuelle Ereignisse und Termine in der Geruchswelt und in unserem Unternehmen\u00a0informiert. Dazu geh\u00f6ren Informationen\u00a0zu: neuen Olfasense Produkten und Dienstleistungen Veranstaltungen, wie die j\u00e4hrlichen Olfasense Workshops aber auch Einladungen zu Ringversuchen und andere Nachrichten, die Olfasense betreffen Mit der Bet\u00e4tigung des \u201eAnmelden\u201c-Buttons erteilen Sie Ihre","protected":false},"author":1,"featured_media":0,"parent":6495,"menu_order":0,"comment_status":"closed","ping_status":"closed","template":"page-templates\/page-layout.php","meta":{"_acf_changed":false,"footnotes":""},"class_list":["post post-type-page post-view- post-scope-","status-publish","clear"],"acf":[],"_links":{"self":[{"href":"https:\/\/www.olfasense.com\/de\/wp-json\/wp\/v2\/pages\/6497","targetHints":{"allow":["GET"]}}],"collection":[{"href":"https:\/\/www.olfasense.com\/de\/wp-json\/wp\/v2\/pages"}],"about":[{"href":"https:\/\/www.olfasense.com\/de\/wp-json\/wp\/v2\/types\/page"}],"author":[{"embeddable":true,"href":"https:\/\/www.olfasense.com\/de\/wp-json\/wp\/v2\/users\/1"}],"replies":[{"embeddable":true,"href":"https:\/\/www.olfasense.com\/de\/wp-json\/wp\/v2\/comments?post=6497"}],"version-history":[{"count":2,"href":"https:\/\/www.olfasense.com\/de\/wp-json\/wp\/v2\/pages\/6497\/revisions"}],"predecessor-version":[{"id":6499,"href":"https:\/\/www.olfasense.com\/de\/wp-json\/wp\/v2\/pages\/6497\/revisions\/6499"}],"up":[{"embeddable":true,"href":"https:\/\/www.olfasense.com\/de\/wp-json\/wp\/v2\/pages\/6495"}],"wp:attachment":[{"href":"https:\/\/www.olfasense.com\/de\/wp-json\/wp\/v2\/media?parent=6497"}],"curies":[{"name":"wp","href":"https:\/\/api.w.org\/{rel}","templated":true}]}}